{"id":174706,"date":"2022-10-25T14:18:13","date_gmt":"2022-10-25T11:18:13","guid":{"rendered":"https:\/\/liepajasriepas.lv\/produkts\/uncategorized\/174706\/175-65r14-82h-kormoran-road\/"},"modified":"2026-02-16T16:20:12","modified_gmt":"2026-02-16T14:20:12","slug":"175-65r14-82h-kormoran-road","status":"publish","type":"product","link":"https:\/\/liepajasriepas.lv\/ru\/magazin\/shiny\/175-65r14-82h-kormoran-road\/","title":{"rendered":"175\/65R14 82H Kormoran Road"},"content":{"rendered":"<p>&#8230;<\/p>\n","protected":false},"excerpt":{"rendered":"<p>&#8230;<\/p>\n","protected":false},"featured_media":60553,"template":"","meta":[],"product_brand":[],"product_cat":[14547],"product_tag":[21835],"class_list":{"0":"post-174706","1":"product","2":"type-product","3":"status-publish","4":"has-post-thumbnail","6":"product_cat-riepas","7":"product_tag-lrc","8":"pa_atruma-indekss-h","9":"pa_augstums-14841","10":"pa_degvielas-efektivitate-e","11":"pa_diametrs-14507","12":"pa_modelis-road","13":"pa_noliktava-local","14":"pa_radzes-not-studable","15":"pa_riepas-platums-16651","16":"pa_riepu-razotajs-kormoran","17":"pa_sakere-ar-slapju-celu-c","18":"pa_sezona-summer","19":"pa_slodzes-indekss-14746","20":"pa_stavoklis-new","21":"pa_troksna-limenis-db-16582","23":"first","24":"outofstock","25":"purchasable","26":"product-type-simple"},"yoast_head":"<!-- This site is optimized with the Yoast SEO plugin v27.4 - https:\/\/yoast.com\/product\/yoast-seo-wordpress\/ -->\n<title>175\/65R14 82H Kormoran Road - Liep\u0101jas riepu centrs<\/title>\n<meta name=\"robots\" content=\"index, follow, max-snippet:-1, max-image-preview:large, max-video-preview:-1\" \/>\n<link rel=\"canonical\" href=\"https:\/\/liepajasriepas.lv\/ru\/magazin\/shiny\/175-65r14-82h-kormoran-road\/\" \/>\n<meta property=\"og:locale\" content=\"ru_RU\" \/>\n<meta property=\"og:type\" content=\"article\" \/>\n<meta property=\"og:title\" content=\"175\/65R14 82H Kormoran Road - Liep\u0101jas riepu centrs\" \/>\n<meta property=\"og:description\" content=\"&#8230;\" \/>\n<meta property=\"og:url\" content=\"https:\/\/liepajasriepas.lv\/ru\/magazin\/shiny\/175-65r14-82h-kormoran-road\/\" \/>\n<meta property=\"og:site_name\" content=\"Liep\u0101jas riepu centrs\" \/>\n<meta property=\"article:modified_time\" content=\"2026-02-16T14:20:12+00:00\" \/>\n<meta property=\"og:image\" content=\"https:\/\/liepajasriepas.lv\/wp-content\/uploads\/2022\/03\/kormoran-road.jpg\" \/>\n\t<meta property=\"og:image:width\" content=\"1000\" \/>\n\t<meta property=\"og:image:height\" content=\"1000\" \/>\n\t<meta property=\"og:image:type\" content=\"image\/jpeg\" \/>\n<meta name=\"twitter:card\" content=\"summary_large_image\" \/>\n<meta name=\"twitter:label1\" content=\"\u041f\u0440\u0438\u043c\u0435\u0440\u043d\u043e\u0435 \u0432\u0440\u0435\u043c\u044f \u0434\u043b\u044f \u0447\u0442\u0435\u043d\u0438\u044f\" \/>\n\t<meta name=\"twitter:data1\" content=\"1 \u043c\u0438\u043d\u0443\u0442\u0430\" \/>\n<script type=\"application\/ld+json\" class=\"yoast-schema-graph\">{\"@context\":\"https:\\\/\\\/schema.org\",\"@graph\":[{\"@type\":\"WebPage\",\"@id\":\"https:\\\/\\\/liepajasriepas.lv\\\/ru\\\/magazin\\\/shiny\\\/175-65r14-82h-kormoran-road\\\/\",\"url\":\"https:\\\/\\\/liepajasriepas.lv\\\/ru\\\/magazin\\\/shiny\\\/175-65r14-82h-kormoran-road\\\/\",\"name\":\"175\\\/65R14 82H Kormoran Road - Liep\u0101jas riepu centrs\",\"isPartOf\":{\"@id\":\"https:\\\/\\\/liepajasriepas.lv\\\/ru\\\/#website\"},\"primaryImageOfPage\":{\"@id\":\"https:\\\/\\\/liepajasriepas.lv\\\/ru\\\/magazin\\\/shiny\\\/175-65r14-82h-kormoran-road\\\/#primaryimage\"},\"image\":{\"@id\":\"https:\\\/\\\/liepajasriepas.lv\\\/ru\\\/magazin\\\/shiny\\\/175-65r14-82h-kormoran-road\\\/#primaryimage\"},\"thumbnailUrl\":\"https:\\\/\\\/liepajasriepas.lv\\\/wp-content\\\/uploads\\\/2022\\\/03\\\/kormoran-road.jpg\",\"datePublished\":\"2022-10-25T11:18:13+00:00\",\"dateModified\":\"2026-02-16T14:20:12+00:00\",\"breadcrumb\":{\"@id\":\"https:\\\/\\\/liepajasriepas.lv\\\/ru\\\/magazin\\\/shiny\\\/175-65r14-82h-kormoran-road\\\/#breadcrumb\"},\"inLanguage\":\"ru-RU\",\"potentialAction\":[{\"@type\":\"ReadAction\",\"target\":[\"https:\\\/\\\/liepajasriepas.lv\\\/ru\\\/magazin\\\/shiny\\\/175-65r14-82h-kormoran-road\\\/\"]}]},{\"@type\":\"ImageObject\",\"inLanguage\":\"ru-RU\",\"@id\":\"https:\\\/\\\/liepajasriepas.lv\\\/ru\\\/magazin\\\/shiny\\\/175-65r14-82h-kormoran-road\\\/#primaryimage\",\"url\":\"https:\\\/\\\/liepajasriepas.lv\\\/wp-content\\\/uploads\\\/2022\\\/03\\\/kormoran-road.jpg\",\"contentUrl\":\"https:\\\/\\\/liepajasriepas.lv\\\/wp-content\\\/uploads\\\/2022\\\/03\\\/kormoran-road.jpg\",\"width\":1000,\"height\":1000},{\"@type\":\"BreadcrumbList\",\"@id\":\"https:\\\/\\\/liepajasriepas.lv\\\/ru\\\/magazin\\\/shiny\\\/175-65r14-82h-kormoran-road\\\/#breadcrumb\",\"itemListElement\":[{\"@type\":\"ListItem\",\"position\":1,\"name\":\"\u041d\u0430\u0447\u0430\u043b\u043e\",\"item\":\"https:\\\/\\\/liepajasriepas.lv\\\/ru\\\/\"},{\"@type\":\"ListItem\",\"position\":2,\"name\":\"\u041c\u0430\u0433\u0430\u0437\u0438\u043d\",\"item\":\"https:\\\/\\\/liepajasriepas.lv\\\/ru\\\/magazin\\\/\"},{\"@type\":\"ListItem\",\"position\":3,\"name\":\"175\\\/65R14 82H Kormoran Road\"}]},{\"@type\":\"WebSite\",\"@id\":\"https:\\\/\\\/liepajasriepas.lv\\\/ru\\\/#website\",\"url\":\"https:\\\/\\\/liepajasriepas.lv\\\/ru\\\/\",\"name\":\"Liep\u0101jas riepu centrs\",\"description\":\"Jaunas un lietotas, ziemas un vasaras riepas par vislab\u0101kaj\u0101m cen\u0101m\",\"potentialAction\":[{\"@type\":\"SearchAction\",\"target\":{\"@type\":\"EntryPoint\",\"urlTemplate\":\"https:\\\/\\\/liepajasriepas.lv\\\/ru\\\/?s={search_term_string}\"},\"query-input\":{\"@type\":\"PropertyValueSpecification\",\"valueRequired\":true,\"valueName\":\"search_term_string\"}}],\"inLanguage\":\"ru-RU\"}]}<\/script>\n<!-- \/ Yoast SEO plugin. -->","yoast_head_json":{"title":"175\/65R14 82H Kormoran Road - Liep\u0101jas riepu centrs","robots":{"index":"index","follow":"follow","max-snippet":"max-snippet:-1","max-image-preview":"max-image-preview:large","max-video-preview":"max-video-preview:-1"},"canonical":"https:\/\/liepajasriepas.lv\/ru\/magazin\/shiny\/175-65r14-82h-kormoran-road\/","og_locale":"ru_RU","og_type":"article","og_title":"175\/65R14 82H Kormoran Road - Liep\u0101jas riepu centrs","og_description":"&#8230;","og_url":"https:\/\/liepajasriepas.lv\/ru\/magazin\/shiny\/175-65r14-82h-kormoran-road\/","og_site_name":"Liep\u0101jas riepu centrs","article_modified_time":"2026-02-16T14:20:12+00:00","og_image":[{"width":1000,"height":1000,"url":"https:\/\/liepajasriepas.lv\/wp-content\/uploads\/2022\/03\/kormoran-road.jpg","type":"image\/jpeg"}],"twitter_card":"summary_large_image","twitter_misc":{"\u041f\u0440\u0438\u043c\u0435\u0440\u043d\u043e\u0435 \u0432\u0440\u0435\u043c\u044f \u0434\u043b\u044f \u0447\u0442\u0435\u043d\u0438\u044f":"1 \u043c\u0438\u043d\u0443\u0442\u0430"},"schema":{"@context":"https:\/\/schema.org","@graph":[{"@type":"WebPage","@id":"https:\/\/liepajasriepas.lv\/ru\/magazin\/shiny\/175-65r14-82h-kormoran-road\/","url":"https:\/\/liepajasriepas.lv\/ru\/magazin\/shiny\/175-65r14-82h-kormoran-road\/","name":"175\/65R14 82H Kormoran Road - Liep\u0101jas riepu centrs","isPartOf":{"@id":"https:\/\/liepajasriepas.lv\/ru\/#website"},"primaryImageOfPage":{"@id":"https:\/\/liepajasriepas.lv\/ru\/magazin\/shiny\/175-65r14-82h-kormoran-road\/#primaryimage"},"image":{"@id":"https:\/\/liepajasriepas.lv\/ru\/magazin\/shiny\/175-65r14-82h-kormoran-road\/#primaryimage"},"thumbnailUrl":"https:\/\/liepajasriepas.lv\/wp-content\/uploads\/2022\/03\/kormoran-road.jpg","datePublished":"2022-10-25T11:18:13+00:00","dateModified":"2026-02-16T14:20:12+00:00","breadcrumb":{"@id":"https:\/\/liepajasriepas.lv\/ru\/magazin\/shiny\/175-65r14-82h-kormoran-road\/#breadcrumb"},"inLanguage":"ru-RU","potentialAction":[{"@type":"ReadAction","target":["https:\/\/liepajasriepas.lv\/ru\/magazin\/shiny\/175-65r14-82h-kormoran-road\/"]}]},{"@type":"ImageObject","inLanguage":"ru-RU","@id":"https:\/\/liepajasriepas.lv\/ru\/magazin\/shiny\/175-65r14-82h-kormoran-road\/#primaryimage","url":"https:\/\/liepajasriepas.lv\/wp-content\/uploads\/2022\/03\/kormoran-road.jpg","contentUrl":"https:\/\/liepajasriepas.lv\/wp-content\/uploads\/2022\/03\/kormoran-road.jpg","width":1000,"height":1000},{"@type":"BreadcrumbList","@id":"https:\/\/liepajasriepas.lv\/ru\/magazin\/shiny\/175-65r14-82h-kormoran-road\/#breadcrumb","itemListElement":[{"@type":"ListItem","position":1,"name":"\u041d\u0430\u0447\u0430\u043b\u043e","item":"https:\/\/liepajasriepas.lv\/ru\/"},{"@type":"ListItem","position":2,"name":"\u041c\u0430\u0433\u0430\u0437\u0438\u043d","item":"https:\/\/liepajasriepas.lv\/ru\/magazin\/"},{"@type":"ListItem","position":3,"name":"175\/65R14 82H Kormoran Road"}]},{"@type":"WebSite","@id":"https:\/\/liepajasriepas.lv\/ru\/#website","url":"https:\/\/liepajasriepas.lv\/ru\/","name":"Liep\u0101jas riepu centrs","description":"Jaunas un lietotas, ziemas un vasaras riepas par vislab\u0101kaj\u0101m cen\u0101m","potentialAction":[{"@type":"SearchAction","target":{"@type":"EntryPoint","urlTemplate":"https:\/\/liepajasriepas.lv\/ru\/?s={search_term_string}"},"query-input":{"@type":"PropertyValueSpecification","valueRequired":true,"valueName":"search_term_string"}}],"inLanguage":"ru-RU"}]}},"_links":{"self":[{"href":"https:\/\/liepajasriepas.lv\/ru\/wp-json\/wp\/v2\/product\/174706","targetHints":{"allow":["GET"]}}],"collection":[{"href":"https:\/\/liepajasriepas.lv\/ru\/wp-json\/wp\/v2\/product"}],"about":[{"href":"https:\/\/liepajasriepas.lv\/ru\/wp-json\/wp\/v2\/types\/product"}],"wp:featuredmedia":[{"embeddable":true,"href":"https:\/\/liepajasriepas.lv\/ru\/wp-json\/wp\/v2\/media\/60553"}],"wp:attachment":[{"href":"https:\/\/liepajasriepas.lv\/ru\/wp-json\/wp\/v2\/media?parent=174706"}],"wp:term":[{"taxonomy":"product_brand","embeddable":true,"href":"https:\/\/liepajasriepas.lv\/ru\/wp-json\/wp\/v2\/product_brand?post=174706"},{"taxonomy":"product_cat","embeddable":true,"href":"https:\/\/liepajasriepas.lv\/ru\/wp-json\/wp\/v2\/product_cat?post=174706"},{"taxonomy":"product_tag","embeddable":true,"href":"https:\/\/liepajasriepas.lv\/ru\/wp-json\/wp\/v2\/product_tag?post=174706"}],"curies":[{"name":"wp","href":"https:\/\/api.w.org\/{rel}","templated":true}]}}