{"id":991664,"date":"2025-05-26T18:38:51","date_gmt":"2025-05-26T15:38:51","guid":{"rendered":"https:\/\/liepajasriepas.lv\/?page_id=991664"},"modified":"2025-05-26T19:01:00","modified_gmt":"2025-05-26T16:01:00","slug":"spasibo","status":"publish","type":"page","link":"https:\/\/liepajasriepas.lv\/ru\/spasibo\/","title":{"rendered":"Paldies"},"content":{"rendered":"\t\t<div data-elementor-type=\"wp-page\" data-elementor-id=\"991664\" class=\"elementor elementor-991664 elementor-991663\" data-elementor-post-type=\"page\">\n\t\t\t\t\t\t<section class=\"elementor-section elementor-top-section elementor-element elementor-element-acf1337 elementor-section-height-min-height elementor-section-boxed elementor-section-height-default elementor-section-items-middle\" data-id=\"acf1337\" data-element_type=\"section\">\n\t\t\t\t\t\t<div class=\"elementor-container elementor-column-gap-default\">\n\t\t\t\t\t<div class=\"elementor-column elementor-col-100 elementor-top-column elementor-element elementor-element-c2f3ec7\" data-id=\"c2f3ec7\" data-element_type=\"column\">\n\t\t\t<div class=\"elementor-widget-wrap elementor-element-populated\">\n\t\t\t\t\t\t<div class=\"elementor-element elementor-element-2123f68 elementor-widget elementor-widget-heading\" data-id=\"2123f68\" data-element_type=\"widget\" data-widget_type=\"heading.default\">\n\t\t\t\t<div class=\"elementor-widget-container\">\n\t\t\t\t\t<h2 class=\"elementor-heading-title elementor-size-default\">\u0421\u043f\u0430\u0441\u0438\u0431\u043e! <\/h2>\t\t\t\t<\/div>\n\t\t\t\t<\/div>\n\t\t\t\t<div class=\"elementor-element elementor-element-2c2d0ff elementor-widget elementor-widget-heading\" data-id=\"2c2d0ff\" data-element_type=\"widget\" data-widget_type=\"heading.default\">\n\t\t\t\t<div class=\"elementor-widget-container\">\n\t\t\t\t\t<h2 class=\"elementor-heading-title elementor-size-default\">\u041d\u0430 \u0432\u0430\u0448 e-mail \u043e\u0442\u043f\u0440\u0430\u0432\u043b\u0435\u043d\u0430 \u0438\u043d\u0444\u043e\u0440\u043c\u0430\u0446\u0438\u044f \u043e \u0431\u0440\u043e\u043d\u0438\u0440\u043e\u0432\u0430\u043d\u0438\u0438 <br>(\u043f\u0438\u0441\u044c\u043c\u043e \u043c\u043e\u0436\u0435\u0442 \u043f\u043e\u043f\u0430\u0441\u0442\u044c \u0432 \u0441\u043f\u0430\u043c \u0438\u043b\u0438 \u0432 \u0434\u0440\u0443\u0433\u0443\u044e \u043f\u0430\u043f\u043a\u0443). <br>\u041c\u043e\u0436\u043d\u043e \u0437\u0430\u043f\u0438\u0441\u0430\u0442\u044c \u0434\u0432\u0430 \u0430\u0432\u0442\u043e\u043c\u043e\u0431\u0438\u043b\u044f \u043d\u0430 \u043e\u0434\u043d\u043e \u0438 \u0442\u043e \u0436\u0435 \u0432\u0440\u0435\u043c\u044f (\u043d\u0443\u0436\u043d\u043e \u043e\u0444\u043e\u0440\u043c\u0438\u0442\u044c \u0434\u0432\u0435 \u043e\u0442\u0434\u0435\u043b\u044c\u043d\u044b\u0435\u00a0\u0437\u0430\u043f\u0438\u0441\u0438).<\/h2>\t\t\t\t<\/div>\n\t\t\t\t<\/div>\n\t\t\t\t\t<\/div>\n\t\t<\/div>\n\t\t\t\t\t<\/div>\n\t\t<\/section>\n\t\t\t\t<\/div>\n\t\t","protected":false},"excerpt":{"rendered":"<p>\u0421\u043f\u0430\u0441\u0438\u0431\u043e! \u041d\u0430 \u0432\u0430\u0448 e-mail \u043e\u0442\u043f\u0440\u0430\u0432\u043b\u0435\u043d\u0430 \u0438\u043d\u0444\u043e\u0440\u043c\u0430\u0446\u0438\u044f \u043e \u0431\u0440\u043e\u043d\u0438\u0440\u043e\u0432\u0430\u043d\u0438\u0438 (\u043f\u0438\u0441\u044c\u043c\u043e \u043c\u043e\u0436\u0435\u0442 \u043f\u043e\u043f\u0430\u0441\u0442\u044c \u0432 \u0441\u043f\u0430\u043c \u0438\u043b\u0438 \u0432 \u0434\u0440\u0443\u0433\u0443\u044e \u043f\u0430\u043f\u043a\u0443). \u041c\u043e\u0436\u043d\u043e \u0437\u0430\u043f\u0438\u0441\u0430\u0442\u044c \u0434\u0432\u0430 \u0430\u0432\u0442\u043e\u043c\u043e\u0431\u0438\u043b\u044f \u043d\u0430 \u043e\u0434\u043d\u043e \u0438 \u0442\u043e \u0436\u0435 \u0432\u0440\u0435\u043c\u044f (\u043d\u0443\u0436\u043d\u043e \u043e\u0444\u043e\u0440\u043c\u0438\u0442\u044c \u0434\u0432\u0435 \u043e\u0442\u0434\u0435\u043b\u044c\u043d\u044b\u0435\u00a0\u0437\u0430\u043f\u0438\u0441\u0438).<\/p>\n","protected":false},"author":1,"featured_media":0,"parent":0,"menu_order":0,"comment_status":"closed","ping_status":"closed","template":"elementor_header_footer","meta":{"footnotes":""},"class_list":["post-991664","page","type-page","status-publish","hentry"],"yoast_head":"<!-- This site is optimized with the Yoast SEO plugin v27.3 - https:\/\/yoast.com\/product\/yoast-seo-wordpress\/ -->\n<title>Paldies - Liep\u0101jas riepu centrs<\/title>\n<meta name=\"robots\" content=\"index, follow, max-snippet:-1, max-image-preview:large, max-video-preview:-1\" \/>\n<link rel=\"canonical\" href=\"https:\/\/liepajasriepas.lv\/ru\/spasibo\/\" \/>\n<meta property=\"og:locale\" content=\"ru_RU\" \/>\n<meta property=\"og:type\" content=\"article\" \/>\n<meta property=\"og:title\" content=\"Paldies - Liep\u0101jas riepu centrs\" \/>\n<meta property=\"og:description\" content=\"\u0421\u043f\u0430\u0441\u0438\u0431\u043e! \u041d\u0430 \u0432\u0430\u0448 e-mail \u043e\u0442\u043f\u0440\u0430\u0432\u043b\u0435\u043d\u0430 \u0438\u043d\u0444\u043e\u0440\u043c\u0430\u0446\u0438\u044f \u043e \u0431\u0440\u043e\u043d\u0438\u0440\u043e\u0432\u0430\u043d\u0438\u0438 (\u043f\u0438\u0441\u044c\u043c\u043e \u043c\u043e\u0436\u0435\u0442 \u043f\u043e\u043f\u0430\u0441\u0442\u044c \u0432 \u0441\u043f\u0430\u043c \u0438\u043b\u0438 \u0432 \u0434\u0440\u0443\u0433\u0443\u044e \u043f\u0430\u043f\u043a\u0443). \u041c\u043e\u0436\u043d\u043e \u0437\u0430\u043f\u0438\u0441\u0430\u0442\u044c \u0434\u0432\u0430 \u0430\u0432\u0442\u043e\u043c\u043e\u0431\u0438\u043b\u044f \u043d\u0430 \u043e\u0434\u043d\u043e \u0438 \u0442\u043e \u0436\u0435 \u0432\u0440\u0435\u043c\u044f (\u043d\u0443\u0436\u043d\u043e \u043e\u0444\u043e\u0440\u043c\u0438\u0442\u044c \u0434\u0432\u0435 \u043e\u0442\u0434\u0435\u043b\u044c\u043d\u044b\u0435\u00a0\u0437\u0430\u043f\u0438\u0441\u0438).\" \/>\n<meta property=\"og:url\" content=\"https:\/\/liepajasriepas.lv\/ru\/spasibo\/\" \/>\n<meta property=\"og:site_name\" content=\"Liep\u0101jas riepu centrs\" \/>\n<meta property=\"article:modified_time\" content=\"2025-05-26T16:01:00+00:00\" \/>\n<meta name=\"twitter:card\" content=\"summary_large_image\" \/>\n<meta name=\"twitter:label1\" content=\"\u041f\u0440\u0438\u043c\u0435\u0440\u043d\u043e\u0435 \u0432\u0440\u0435\u043c\u044f \u0434\u043b\u044f \u0447\u0442\u0435\u043d\u0438\u044f\" \/>\n\t<meta name=\"twitter:data1\" content=\"1 \u043c\u0438\u043d\u0443\u0442\u0430\" \/>\n<script type=\"application\/ld+json\" class=\"yoast-schema-graph\">{\"@context\":\"https:\\\/\\\/schema.org\",\"@graph\":[{\"@type\":\"WebPage\",\"@id\":\"https:\\\/\\\/liepajasriepas.lv\\\/ru\\\/spasibo\\\/\",\"url\":\"https:\\\/\\\/liepajasriepas.lv\\\/ru\\\/spasibo\\\/\",\"name\":\"Paldies - Liep\u0101jas riepu centrs\",\"isPartOf\":{\"@id\":\"https:\\\/\\\/liepajasriepas.lv\\\/ru\\\/#website\"},\"datePublished\":\"2025-05-26T15:38:51+00:00\",\"dateModified\":\"2025-05-26T16:01:00+00:00\",\"breadcrumb\":{\"@id\":\"https:\\\/\\\/liepajasriepas.lv\\\/ru\\\/spasibo\\\/#breadcrumb\"},\"inLanguage\":\"ru-RU\",\"potentialAction\":[{\"@type\":\"ReadAction\",\"target\":[\"https:\\\/\\\/liepajasriepas.lv\\\/ru\\\/spasibo\\\/\"]}]},{\"@type\":\"BreadcrumbList\",\"@id\":\"https:\\\/\\\/liepajasriepas.lv\\\/ru\\\/spasibo\\\/#breadcrumb\",\"itemListElement\":[{\"@type\":\"ListItem\",\"position\":1,\"name\":\"\u041d\u0430\u0447\u0430\u043b\u043e\",\"item\":\"https:\\\/\\\/liepajasriepas.lv\\\/ru\\\/\"},{\"@type\":\"ListItem\",\"position\":2,\"name\":\"Paldies\"}]},{\"@type\":\"WebSite\",\"@id\":\"https:\\\/\\\/liepajasriepas.lv\\\/ru\\\/#website\",\"url\":\"https:\\\/\\\/liepajasriepas.lv\\\/ru\\\/\",\"name\":\"Liep\u0101jas riepu centrs\",\"description\":\"Jaunas un lietotas, ziemas un vasaras riepas par vislab\u0101kaj\u0101m cen\u0101m\",\"potentialAction\":[{\"@type\":\"SearchAction\",\"target\":{\"@type\":\"EntryPoint\",\"urlTemplate\":\"https:\\\/\\\/liepajasriepas.lv\\\/ru\\\/?s={search_term_string}\"},\"query-input\":{\"@type\":\"PropertyValueSpecification\",\"valueRequired\":true,\"valueName\":\"search_term_string\"}}],\"inLanguage\":\"ru-RU\"}]}<\/script>\n<!-- \/ Yoast SEO plugin. -->","yoast_head_json":{"title":"Paldies - Liep\u0101jas riepu centrs","robots":{"index":"index","follow":"follow","max-snippet":"max-snippet:-1","max-image-preview":"max-image-preview:large","max-video-preview":"max-video-preview:-1"},"canonical":"https:\/\/liepajasriepas.lv\/ru\/spasibo\/","og_locale":"ru_RU","og_type":"article","og_title":"Paldies - Liep\u0101jas riepu centrs","og_description":"\u0421\u043f\u0430\u0441\u0438\u0431\u043e! \u041d\u0430 \u0432\u0430\u0448 e-mail \u043e\u0442\u043f\u0440\u0430\u0432\u043b\u0435\u043d\u0430 \u0438\u043d\u0444\u043e\u0440\u043c\u0430\u0446\u0438\u044f \u043e \u0431\u0440\u043e\u043d\u0438\u0440\u043e\u0432\u0430\u043d\u0438\u0438 (\u043f\u0438\u0441\u044c\u043c\u043e \u043c\u043e\u0436\u0435\u0442 \u043f\u043e\u043f\u0430\u0441\u0442\u044c \u0432 \u0441\u043f\u0430\u043c \u0438\u043b\u0438 \u0432 \u0434\u0440\u0443\u0433\u0443\u044e \u043f\u0430\u043f\u043a\u0443). \u041c\u043e\u0436\u043d\u043e \u0437\u0430\u043f\u0438\u0441\u0430\u0442\u044c \u0434\u0432\u0430 \u0430\u0432\u0442\u043e\u043c\u043e\u0431\u0438\u043b\u044f \u043d\u0430 \u043e\u0434\u043d\u043e \u0438 \u0442\u043e \u0436\u0435 \u0432\u0440\u0435\u043c\u044f (\u043d\u0443\u0436\u043d\u043e \u043e\u0444\u043e\u0440\u043c\u0438\u0442\u044c \u0434\u0432\u0435 \u043e\u0442\u0434\u0435\u043b\u044c\u043d\u044b\u0435\u00a0\u0437\u0430\u043f\u0438\u0441\u0438).","og_url":"https:\/\/liepajasriepas.lv\/ru\/spasibo\/","og_site_name":"Liep\u0101jas riepu centrs","article_modified_time":"2025-05-26T16:01:00+00:00","twitter_card":"summary_large_image","twitter_misc":{"\u041f\u0440\u0438\u043c\u0435\u0440\u043d\u043e\u0435 \u0432\u0440\u0435\u043c\u044f \u0434\u043b\u044f \u0447\u0442\u0435\u043d\u0438\u044f":"1 \u043c\u0438\u043d\u0443\u0442\u0430"},"schema":{"@context":"https:\/\/schema.org","@graph":[{"@type":"WebPage","@id":"https:\/\/liepajasriepas.lv\/ru\/spasibo\/","url":"https:\/\/liepajasriepas.lv\/ru\/spasibo\/","name":"Paldies - Liep\u0101jas riepu centrs","isPartOf":{"@id":"https:\/\/liepajasriepas.lv\/ru\/#website"},"datePublished":"2025-05-26T15:38:51+00:00","dateModified":"2025-05-26T16:01:00+00:00","breadcrumb":{"@id":"https:\/\/liepajasriepas.lv\/ru\/spasibo\/#breadcrumb"},"inLanguage":"ru-RU","potentialAction":[{"@type":"ReadAction","target":["https:\/\/liepajasriepas.lv\/ru\/spasibo\/"]}]},{"@type":"BreadcrumbList","@id":"https:\/\/liepajasriepas.lv\/ru\/spasibo\/#breadcrumb","itemListElement":[{"@type":"ListItem","position":1,"name":"\u041d\u0430\u0447\u0430\u043b\u043e","item":"https:\/\/liepajasriepas.lv\/ru\/"},{"@type":"ListItem","position":2,"name":"Paldies"}]},{"@type":"WebSite","@id":"https:\/\/liepajasriepas.lv\/ru\/#website","url":"https:\/\/liepajasriepas.lv\/ru\/","name":"Liep\u0101jas riepu centrs","description":"Jaunas un lietotas, ziemas un vasaras riepas par vislab\u0101kaj\u0101m cen\u0101m","potentialAction":[{"@type":"SearchAction","target":{"@type":"EntryPoint","urlTemplate":"https:\/\/liepajasriepas.lv\/ru\/?s={search_term_string}"},"query-input":{"@type":"PropertyValueSpecification","valueRequired":true,"valueName":"search_term_string"}}],"inLanguage":"ru-RU"}]}},"_links":{"self":[{"href":"https:\/\/liepajasriepas.lv\/ru\/wp-json\/wp\/v2\/pages\/991664","targetHints":{"allow":["GET"]}}],"collection":[{"href":"https:\/\/liepajasriepas.lv\/ru\/wp-json\/wp\/v2\/pages"}],"about":[{"href":"https:\/\/liepajasriepas.lv\/ru\/wp-json\/wp\/v2\/types\/page"}],"author":[{"embeddable":true,"href":"https:\/\/liepajasriepas.lv\/ru\/wp-json\/wp\/v2\/users\/1"}],"replies":[{"embeddable":true,"href":"https:\/\/liepajasriepas.lv\/ru\/wp-json\/wp\/v2\/comments?post=991664"}],"version-history":[{"count":0,"href":"https:\/\/liepajasriepas.lv\/ru\/wp-json\/wp\/v2\/pages\/991664\/revisions"}],"wp:attachment":[{"href":"https:\/\/liepajasriepas.lv\/ru\/wp-json\/wp\/v2\/media?parent=991664"}],"curies":[{"name":"wp","href":"https:\/\/api.w.org\/{rel}","templated":true}]}}