{"id":90339,"date":"2022-06-20T09:21:03","date_gmt":"2022-06-20T06:21:03","guid":{"rendered":"https:\/\/liepajasriepas.lv\/?page_id=90339"},"modified":"2022-06-21T13:51:41","modified_gmt":"2022-06-21T10:51:41","slug":"moto-shiny","status":"publish","type":"page","link":"https:\/\/liepajasriepas.lv\/ru\/moto-shiny\/","title":{"rendered":"\u041c\u043e\u0442\u043e \u0448\u0438\u043d\u044b"},"content":{"rendered":"\t\t<div data-elementor-type=\"wp-page\" data-elementor-id=\"90339\" class=\"elementor elementor-90339 elementor-90329\" data-elementor-post-type=\"page\">\n\t\t\t\t\t\t<section class=\"elementor-section elementor-top-section elementor-element elementor-element-61ee427 elementor-section-boxed elementor-section-height-default elementor-section-height-default\" data-id=\"61ee427\" data-element_type=\"section\">\n\t\t\t\t\t\t<div class=\"elementor-container elementor-column-gap-default\">\n\t\t\t\t\t<div class=\"elementor-column elementor-col-100 elementor-top-column elementor-element elementor-element-5a1e50c\" data-id=\"5a1e50c\" data-element_type=\"column\">\n\t\t\t<div class=\"elementor-widget-wrap elementor-element-populated\">\n\t\t\t\t\t\t<div class=\"elementor-element elementor-element-2fb4622 elementor-widget elementor-widget-breadcrumbs\" data-id=\"2fb4622\" data-element_type=\"widget\" data-widget_type=\"breadcrumbs.default\">\n\t\t\t\t<div class=\"elementor-widget-container\">\n\t\t\t\t\t<p id=\"breadcrumbs\"><span><span><a href=\"https:\/\/liepajasriepas.lv\/ru\/\">\u041d\u0430\u0447\u0430\u043b\u043e<\/a><\/span><\/span><\/p>\t\t\t\t<\/div>\n\t\t\t\t<\/div>\n\t\t\t\t<div class=\"elementor-element elementor-element-a3697fa elementor-widget elementor-widget-heading\" data-id=\"a3697fa\" data-element_type=\"widget\" data-widget_type=\"heading.default\">\n\t\t\t\t<div class=\"elementor-widget-container\">\n\t\t\t\t\t<h1 class=\"elementor-heading-title elementor-size-default\">\u041c\u043e\u0442\u043e \u0448\u0438\u043d\u044b<\/h1>\t\t\t\t<\/div>\n\t\t\t\t<\/div>\n\t\t\t\t\t<\/div>\n\t\t<\/div>\n\t\t\t\t\t<\/div>\n\t\t<\/section>\n\t\t\t\t<section class=\"elementor-section elementor-top-section elementor-element elementor-element-6b46e08 elementor-section-boxed elementor-section-height-default elementor-section-height-default\" data-id=\"6b46e08\" data-element_type=\"section\">\n\t\t\t\t\t\t<div class=\"elementor-container elementor-column-gap-default\">\n\t\t\t\t\t<div class=\"elementor-column elementor-col-50 elementor-top-column elementor-element elementor-element-1517cfe\" data-id=\"1517cfe\" data-element_type=\"column\">\n\t\t\t<div class=\"elementor-widget-wrap elementor-element-populated\">\n\t\t\t\t\t\t<div class=\"elementor-element elementor-element-b3052d9 elementor-widget elementor-widget-image\" data-id=\"b3052d9\" data-element_type=\"widget\" data-widget_type=\"image.default\">\n\t\t\t\t<div class=\"elementor-widget-container\">\n\t\t\t\t\t\t\t\t\t\t\t\t\t\t\t<img fetchpriority=\"high\" decoding=\"async\" width=\"612\" height=\"408\" src=\"https:\/\/liepajasriepas.lv\/wp-content\/uploads\/2022\/06\/istockphoto-1220778705-612x612-1.jpg\" class=\"attachment-large size-large wp-image-90334\" alt=\"\" srcset=\"https:\/\/liepajasriepas.lv\/wp-content\/uploads\/2022\/06\/istockphoto-1220778705-612x612-1.jpg 612w, https:\/\/liepajasriepas.lv\/wp-content\/uploads\/2022\/06\/istockphoto-1220778705-612x612-1-300x200.jpg 300w, https:\/\/liepajasriepas.lv\/wp-content\/uploads\/2022\/06\/istockphoto-1220778705-612x612-1-600x400.jpg 600w\" sizes=\"(max-width: 612px) 100vw, 612px\" \/>\t\t\t\t\t\t\t\t\t\t\t\t\t\t\t<\/div>\n\t\t\t\t<\/div>\n\t\t\t\t\t<\/div>\n\t\t<\/div>\n\t\t\t\t<div class=\"elementor-column elementor-col-50 elementor-top-column elementor-element elementor-element-27b67d0\" data-id=\"27b67d0\" data-element_type=\"column\">\n\t\t\t<div class=\"elementor-widget-wrap elementor-element-populated\">\n\t\t\t\t\t\t<div class=\"elementor-element elementor-element-d7c8168 elementor-widget elementor-widget-text-editor\" data-id=\"d7c8168\" data-element_type=\"widget\" data-widget_type=\"text-editor.default\">\n\t\t\t\t<div class=\"elementor-widget-container\">\n\t\t\t\t\t\t\t\t\t<p>\u041d\u0430\u043b\u0438\u0447\u0438\u0435 \u0438 \u0446\u0435\u043d\u0443 \u0443\u0442\u043e\u0447\u043d\u044f\u0442\u044c \u043d\u0430 \u043c\u0435\u0441\u0442\u0435 \u0432 \u043c\u0430\u0433\u0430\u0437\u0438\u043d\u0435 \u0438\u043b\u0438 \u0441\u0432\u044f\u0437\u0430\u0432\u0448\u0438\u0441\u044c \u0441 \u043d\u0430\u043c\u0438:<\/p>\t\t\t\t\t\t\t\t<\/div>\n\t\t\t\t<\/div>\n\t\t\t\t<div class=\"elementor-element elementor-element-bae0b29 elementor-icon-list--layout-traditional elementor-list-item-link-full_width elementor-widget elementor-widget-icon-list\" data-id=\"bae0b29\" data-element_type=\"widget\" data-widget_type=\"icon-list.default\">\n\t\t\t\t<div class=\"elementor-widget-container\">\n\t\t\t\t\t\t\t<ul class=\"elementor-icon-list-items\">\n\t\t\t\t\t\t\t<li class=\"elementor-icon-list-item\">\n\t\t\t\t\t\t\t\t\t\t\t<a href=\"https:\/\/api.whatsapp.com\/send?phone=27072200\">\n\n\t\t\t\t\t\t\t\t\t\t\t\t<span class=\"elementor-icon-list-icon\">\n\t\t\t\t\t\t\t<i aria-hidden=\"true\" class=\"fab fa-whatsapp\"><\/i>\t\t\t\t\t\t<\/span>\n\t\t\t\t\t\t\t\t\t\t<span class=\"elementor-icon-list-text\">WhatsApp <\/span>\n\t\t\t\t\t\t\t\t\t\t\t<\/a>\n\t\t\t\t\t\t\t\t\t<\/li>\n\t\t\t\t\t\t\t\t<li class=\"elementor-icon-list-item\">\n\t\t\t\t\t\t\t\t\t\t\t<a href=\"tel:+37127072200\">\n\n\t\t\t\t\t\t\t\t\t\t\t\t<span class=\"elementor-icon-list-icon\">\n\t\t\t\t\t\t\t<i aria-hidden=\"true\" class=\"fas fa-phone\"><\/i>\t\t\t\t\t\t<\/span>\n\t\t\t\t\t\t\t\t\t\t<span class=\"elementor-icon-list-text\">27072200<\/span>\n\t\t\t\t\t\t\t\t\t\t\t<\/a>\n\t\t\t\t\t\t\t\t\t<\/li>\n\t\t\t\t\t\t\t\t<li class=\"elementor-icon-list-item\">\n\t\t\t\t\t\t\t\t\t\t\t<a href=\"mailto:info@liepajasriepas.lv\">\n\n\t\t\t\t\t\t\t\t\t\t\t\t<span class=\"elementor-icon-list-icon\">\n\t\t\t\t\t\t\t<i aria-hidden=\"true\" class=\"far fa-envelope\"><\/i>\t\t\t\t\t\t<\/span>\n\t\t\t\t\t\t\t\t\t\t<span class=\"elementor-icon-list-text\">info@liepajasriepas.lv<\/span>\n\t\t\t\t\t\t\t\t\t\t\t<\/a>\n\t\t\t\t\t\t\t\t\t<\/li>\n\t\t\t\t\t\t\t\t<li class=\"elementor-icon-list-item\">\n\t\t\t\t\t\t\t\t\t\t\t<span class=\"elementor-icon-list-icon\">\n\t\t\t\t\t\t\t<i aria-hidden=\"true\" class=\"far fa-comment\"><\/i>\t\t\t\t\t\t<\/span>\n\t\t\t\t\t\t\t\t\t\t<span class=\"elementor-icon-list-text\">\u0427\u0430\u0442 \u0432 \u043f\u0440\u0430\u0432\u043e\u043c \u043d\u0438\u0436\u043d\u0435\u043c \u0443\u0433\u043b\u0443 \u044d\u043a\u0440\u0430\u043d\u0430<\/span>\n\t\t\t\t\t\t\t\t\t<\/li>\n\t\t\t\t\t\t<\/ul>\n\t\t\t\t\t\t<\/div>\n\t\t\t\t<\/div>\n\t\t\t\t\t<\/div>\n\t\t<\/div>\n\t\t\t\t\t<\/div>\n\t\t<\/section>\n\t\t\t\t<\/div>\n\t\t","protected":false},"excerpt":{"rendered":"<p>\u041c\u043e\u0442\u043e \u0448\u0438\u043d\u044b \u041d\u0430\u043b\u0438\u0447\u0438\u0435 \u0438 \u0446\u0435\u043d\u0443 \u0443\u0442\u043e\u0447\u043d\u044f\u0442\u044c \u043d\u0430 \u043c\u0435\u0441\u0442\u0435 \u0432 \u043c\u0430\u0433\u0430\u0437\u0438\u043d\u0435 \u0438\u043b\u0438 \u0441\u0432\u044f\u0437\u0430\u0432\u0448\u0438\u0441\u044c \u0441 \u043d\u0430\u043c\u0438: WhatsApp 27072200 info@liepajasriepas.lv \u0427\u0430\u0442 \u0432 \u043f\u0440\u0430\u0432\u043e\u043c \u043d\u0438\u0436\u043d\u0435\u043c \u0443\u0433\u043b\u0443 \u044d\u043a\u0440\u0430\u043d\u0430<\/p>\n","protected":false},"author":1,"featured_media":0,"parent":0,"menu_order":0,"comment_status":"closed","ping_status":"closed","template":"elementor_header_footer","meta":{"footnotes":""},"class_list":["post-90339","page","type-page","status-publish","hentry"],"yoast_head":"<!-- This site is optimized with the Yoast SEO plugin v27.5 - https:\/\/yoast.com\/product\/yoast-seo-wordpress\/ -->\n<title>\u041c\u043e\u0442\u043e \u0448\u0438\u043d\u044b - Liep\u0101jas riepu centrs<\/title>\n<meta name=\"robots\" content=\"index, follow, max-snippet:-1, max-image-preview:large, max-video-preview:-1\" \/>\n<link rel=\"canonical\" href=\"https:\/\/liepajasriepas.lv\/ru\/moto-shiny\/\" \/>\n<meta property=\"og:locale\" content=\"ru_RU\" \/>\n<meta property=\"og:type\" content=\"article\" \/>\n<meta property=\"og:title\" content=\"\u041c\u043e\u0442\u043e \u0448\u0438\u043d\u044b - Liep\u0101jas riepu centrs\" \/>\n<meta property=\"og:description\" content=\"\u041c\u043e\u0442\u043e \u0448\u0438\u043d\u044b \u041d\u0430\u043b\u0438\u0447\u0438\u0435 \u0438 \u0446\u0435\u043d\u0443 \u0443\u0442\u043e\u0447\u043d\u044f\u0442\u044c \u043d\u0430 \u043c\u0435\u0441\u0442\u0435 \u0432 \u043c\u0430\u0433\u0430\u0437\u0438\u043d\u0435 \u0438\u043b\u0438 \u0441\u0432\u044f\u0437\u0430\u0432\u0448\u0438\u0441\u044c \u0441 \u043d\u0430\u043c\u0438: WhatsApp 27072200 info@liepajasriepas.lv \u0427\u0430\u0442 \u0432 \u043f\u0440\u0430\u0432\u043e\u043c \u043d\u0438\u0436\u043d\u0435\u043c \u0443\u0433\u043b\u0443 \u044d\u043a\u0440\u0430\u043d\u0430\" \/>\n<meta property=\"og:url\" content=\"https:\/\/liepajasriepas.lv\/ru\/moto-shiny\/\" \/>\n<meta property=\"og:site_name\" content=\"Liep\u0101jas riepu centrs\" \/>\n<meta property=\"article:modified_time\" content=\"2022-06-21T10:51:41+00:00\" \/>\n<meta property=\"og:image\" content=\"https:\/\/liepajasriepas.lv\/wp-content\/uploads\/2022\/06\/istockphoto-1220778705-612x612-1.jpg\" \/>\n<meta name=\"twitter:card\" content=\"summary_large_image\" \/>\n<meta name=\"twitter:label1\" content=\"\u041f\u0440\u0438\u043c\u0435\u0440\u043d\u043e\u0435 \u0432\u0440\u0435\u043c\u044f \u0434\u043b\u044f \u0447\u0442\u0435\u043d\u0438\u044f\" \/>\n\t<meta name=\"twitter:data1\" content=\"1 \u043c\u0438\u043d\u0443\u0442\u0430\" \/>\n<script type=\"application\/ld+json\" class=\"yoast-schema-graph\">{\"@context\":\"https:\\\/\\\/schema.org\",\"@graph\":[{\"@type\":\"WebPage\",\"@id\":\"https:\\\/\\\/liepajasriepas.lv\\\/ru\\\/moto-shiny\\\/\",\"url\":\"https:\\\/\\\/liepajasriepas.lv\\\/ru\\\/moto-shiny\\\/\",\"name\":\"\u041c\u043e\u0442\u043e \u0448\u0438\u043d\u044b - Liep\u0101jas riepu centrs\",\"isPartOf\":{\"@id\":\"https:\\\/\\\/liepajasriepas.lv\\\/ru\\\/#website\"},\"primaryImageOfPage\":{\"@id\":\"https:\\\/\\\/liepajasriepas.lv\\\/ru\\\/moto-shiny\\\/#primaryimage\"},\"image\":{\"@id\":\"https:\\\/\\\/liepajasriepas.lv\\\/ru\\\/moto-shiny\\\/#primaryimage\"},\"thumbnailUrl\":\"https:\\\/\\\/liepajasriepas.lv\\\/wp-content\\\/uploads\\\/2022\\\/06\\\/istockphoto-1220778705-612x612-1.jpg\",\"datePublished\":\"2022-06-20T06:21:03+00:00\",\"dateModified\":\"2022-06-21T10:51:41+00:00\",\"breadcrumb\":{\"@id\":\"https:\\\/\\\/liepajasriepas.lv\\\/ru\\\/moto-shiny\\\/#breadcrumb\"},\"inLanguage\":\"ru-RU\",\"potentialAction\":[{\"@type\":\"ReadAction\",\"target\":[\"https:\\\/\\\/liepajasriepas.lv\\\/ru\\\/moto-shiny\\\/\"]}]},{\"@type\":\"ImageObject\",\"inLanguage\":\"ru-RU\",\"@id\":\"https:\\\/\\\/liepajasriepas.lv\\\/ru\\\/moto-shiny\\\/#primaryimage\",\"url\":\"https:\\\/\\\/liepajasriepas.lv\\\/wp-content\\\/uploads\\\/2022\\\/06\\\/istockphoto-1220778705-612x612-1.jpg\",\"contentUrl\":\"https:\\\/\\\/liepajasriepas.lv\\\/wp-content\\\/uploads\\\/2022\\\/06\\\/istockphoto-1220778705-612x612-1.jpg\"},{\"@type\":\"BreadcrumbList\",\"@id\":\"https:\\\/\\\/liepajasriepas.lv\\\/ru\\\/moto-shiny\\\/#breadcrumb\",\"itemListElement\":[{\"@type\":\"ListItem\",\"position\":1,\"name\":\"\u041d\u0430\u0447\u0430\u043b\u043e\",\"item\":\"https:\\\/\\\/liepajasriepas.lv\\\/ru\\\/\"},{\"@type\":\"ListItem\",\"position\":2,\"name\":\"\u041c\u043e\u0442\u043e \u0448\u0438\u043d\u044b\"}]},{\"@type\":\"WebSite\",\"@id\":\"https:\\\/\\\/liepajasriepas.lv\\\/ru\\\/#website\",\"url\":\"https:\\\/\\\/liepajasriepas.lv\\\/ru\\\/\",\"name\":\"Liep\u0101jas riepu centrs\",\"description\":\"Jaunas un lietotas, ziemas un vasaras riepas par vislab\u0101kaj\u0101m cen\u0101m\",\"potentialAction\":[{\"@type\":\"SearchAction\",\"target\":{\"@type\":\"EntryPoint\",\"urlTemplate\":\"https:\\\/\\\/liepajasriepas.lv\\\/ru\\\/?s={search_term_string}\"},\"query-input\":{\"@type\":\"PropertyValueSpecification\",\"valueRequired\":true,\"valueName\":\"search_term_string\"}}],\"inLanguage\":\"ru-RU\"}]}<\/script>\n<!-- \/ Yoast SEO plugin. -->","yoast_head_json":{"title":"\u041c\u043e\u0442\u043e \u0448\u0438\u043d\u044b - Liep\u0101jas riepu centrs","robots":{"index":"index","follow":"follow","max-snippet":"max-snippet:-1","max-image-preview":"max-image-preview:large","max-video-preview":"max-video-preview:-1"},"canonical":"https:\/\/liepajasriepas.lv\/ru\/moto-shiny\/","og_locale":"ru_RU","og_type":"article","og_title":"\u041c\u043e\u0442\u043e \u0448\u0438\u043d\u044b - Liep\u0101jas riepu centrs","og_description":"\u041c\u043e\u0442\u043e \u0448\u0438\u043d\u044b \u041d\u0430\u043b\u0438\u0447\u0438\u0435 \u0438 \u0446\u0435\u043d\u0443 \u0443\u0442\u043e\u0447\u043d\u044f\u0442\u044c \u043d\u0430 \u043c\u0435\u0441\u0442\u0435 \u0432 \u043c\u0430\u0433\u0430\u0437\u0438\u043d\u0435 \u0438\u043b\u0438 \u0441\u0432\u044f\u0437\u0430\u0432\u0448\u0438\u0441\u044c \u0441 \u043d\u0430\u043c\u0438: WhatsApp 27072200 info@liepajasriepas.lv \u0427\u0430\u0442 \u0432 \u043f\u0440\u0430\u0432\u043e\u043c \u043d\u0438\u0436\u043d\u0435\u043c \u0443\u0433\u043b\u0443 \u044d\u043a\u0440\u0430\u043d\u0430","og_url":"https:\/\/liepajasriepas.lv\/ru\/moto-shiny\/","og_site_name":"Liep\u0101jas riepu centrs","article_modified_time":"2022-06-21T10:51:41+00:00","og_image":[{"url":"https:\/\/liepajasriepas.lv\/wp-content\/uploads\/2022\/06\/istockphoto-1220778705-612x612-1.jpg","type":"","width":"","height":""}],"twitter_card":"summary_large_image","twitter_misc":{"\u041f\u0440\u0438\u043c\u0435\u0440\u043d\u043e\u0435 \u0432\u0440\u0435\u043c\u044f \u0434\u043b\u044f \u0447\u0442\u0435\u043d\u0438\u044f":"1 \u043c\u0438\u043d\u0443\u0442\u0430"},"schema":{"@context":"https:\/\/schema.org","@graph":[{"@type":"WebPage","@id":"https:\/\/liepajasriepas.lv\/ru\/moto-shiny\/","url":"https:\/\/liepajasriepas.lv\/ru\/moto-shiny\/","name":"\u041c\u043e\u0442\u043e \u0448\u0438\u043d\u044b - Liep\u0101jas riepu centrs","isPartOf":{"@id":"https:\/\/liepajasriepas.lv\/ru\/#website"},"primaryImageOfPage":{"@id":"https:\/\/liepajasriepas.lv\/ru\/moto-shiny\/#primaryimage"},"image":{"@id":"https:\/\/liepajasriepas.lv\/ru\/moto-shiny\/#primaryimage"},"thumbnailUrl":"https:\/\/liepajasriepas.lv\/wp-content\/uploads\/2022\/06\/istockphoto-1220778705-612x612-1.jpg","datePublished":"2022-06-20T06:21:03+00:00","dateModified":"2022-06-21T10:51:41+00:00","breadcrumb":{"@id":"https:\/\/liepajasriepas.lv\/ru\/moto-shiny\/#breadcrumb"},"inLanguage":"ru-RU","potentialAction":[{"@type":"ReadAction","target":["https:\/\/liepajasriepas.lv\/ru\/moto-shiny\/"]}]},{"@type":"ImageObject","inLanguage":"ru-RU","@id":"https:\/\/liepajasriepas.lv\/ru\/moto-shiny\/#primaryimage","url":"https:\/\/liepajasriepas.lv\/wp-content\/uploads\/2022\/06\/istockphoto-1220778705-612x612-1.jpg","contentUrl":"https:\/\/liepajasriepas.lv\/wp-content\/uploads\/2022\/06\/istockphoto-1220778705-612x612-1.jpg"},{"@type":"BreadcrumbList","@id":"https:\/\/liepajasriepas.lv\/ru\/moto-shiny\/#breadcrumb","itemListElement":[{"@type":"ListItem","position":1,"name":"\u041d\u0430\u0447\u0430\u043b\u043e","item":"https:\/\/liepajasriepas.lv\/ru\/"},{"@type":"ListItem","position":2,"name":"\u041c\u043e\u0442\u043e \u0448\u0438\u043d\u044b"}]},{"@type":"WebSite","@id":"https:\/\/liepajasriepas.lv\/ru\/#website","url":"https:\/\/liepajasriepas.lv\/ru\/","name":"Liep\u0101jas riepu centrs","description":"Jaunas un lietotas, ziemas un vasaras riepas par vislab\u0101kaj\u0101m cen\u0101m","potentialAction":[{"@type":"SearchAction","target":{"@type":"EntryPoint","urlTemplate":"https:\/\/liepajasriepas.lv\/ru\/?s={search_term_string}"},"query-input":{"@type":"PropertyValueSpecification","valueRequired":true,"valueName":"search_term_string"}}],"inLanguage":"ru-RU"}]}},"_links":{"self":[{"href":"https:\/\/liepajasriepas.lv\/ru\/wp-json\/wp\/v2\/pages\/90339","targetHints":{"allow":["GET"]}}],"collection":[{"href":"https:\/\/liepajasriepas.lv\/ru\/wp-json\/wp\/v2\/pages"}],"about":[{"href":"https:\/\/liepajasriepas.lv\/ru\/wp-json\/wp\/v2\/types\/page"}],"author":[{"embeddable":true,"href":"https:\/\/liepajasriepas.lv\/ru\/wp-json\/wp\/v2\/users\/1"}],"replies":[{"embeddable":true,"href":"https:\/\/liepajasriepas.lv\/ru\/wp-json\/wp\/v2\/comments?post=90339"}],"version-history":[{"count":0,"href":"https:\/\/liepajasriepas.lv\/ru\/wp-json\/wp\/v2\/pages\/90339\/revisions"}],"wp:attachment":[{"href":"https:\/\/liepajasriepas.lv\/ru\/wp-json\/wp\/v2\/media?parent=90339"}],"curies":[{"name":"wp","href":"https:\/\/api.w.org\/{rel}","templated":true}]}}