{"id":58583,"date":"2022-02-02T07:05:53","date_gmt":"2022-02-02T05:05:53","guid":{"rendered":"https:\/\/riepas.igstudija.lv\/?page_id=58583"},"modified":"2025-03-19T13:21:52","modified_gmt":"2025-03-19T11:21:52","slug":"podat-zayavku-na-servisnyj-vizit-i-obsluzhivanie","status":"publish","type":"page","link":"https:\/\/liepajasriepas.lv\/ru\/podat-zayavku-na-servisnyj-vizit-i-obsluzhivanie\/","title":{"rendered":"\u041f\u043e\u0434\u0430\u0442\u044c \u0437\u0430\u044f\u0432\u043a\u0443 \u043d\u0430 \u0441\u0435\u0440\u0432\u0438\u0441\u043d\u044b\u0439 \u0432\u0438\u0437\u0438\u0442 \u0438 \u043e\u0431\u0441\u043b\u0443\u0436\u0438\u0432\u0430\u043d\u0438\u0435"},"content":{"rendered":"\t\t<div data-elementor-type=\"wp-page\" data-elementor-id=\"58583\" class=\"elementor elementor-58583 elementor-7833\" data-elementor-post-type=\"page\">\n\t\t\t\t\t\t<section class=\"elementor-section elementor-top-section elementor-element elementor-element-c8c5061 elementor-section-height-min-height elementor-section-items-stretch elementor-section-stretched elementor-section-boxed elementor-section-height-default\" data-id=\"c8c5061\" data-element_type=\"section\" data-settings=\"{&quot;background_background&quot;:&quot;classic&quot;,&quot;stretch_section&quot;:&quot;section-stretched&quot;}\">\n\t\t\t\t\t\t\t<div class=\"elementor-background-overlay\"><\/div>\n\t\t\t\t\t\t\t<div class=\"elementor-container elementor-column-gap-default\">\n\t\t\t\t\t<div class=\"elementor-column elementor-col-100 elementor-top-column elementor-element elementor-element-e726e36\" data-id=\"e726e36\" data-element_type=\"column\" data-settings=\"{&quot;background_background&quot;:&quot;classic&quot;}\">\n\t\t\t<div class=\"elementor-widget-wrap elementor-element-populated\">\n\t\t\t\t\t\t<div class=\"elementor-element elementor-element-63244ca elementor-widget elementor-widget-heading\" data-id=\"63244ca\" data-element_type=\"widget\" data-widget_type=\"heading.default\">\n\t\t\t\t<div class=\"elementor-widget-container\">\n\t\t\t\t\t<h1 class=\"elementor-heading-title elementor-size-default\">\u041f\u043e\u0434\u0430\u0442\u044c \u0437\u0430\u044f\u0432\u043a\u0443 \u043d\u0430 \u0441\u0435\u0440\u0432\u0438\u0441\u043d\u044b\u0439 \u0432\u0438\u0437\u0438\u0442 \u0438 \u043e\u0431\u0441\u043b\u0443\u0436\u0438\u0432\u0430\u043d\u0438\u0435<\/h1>\t\t\t\t<\/div>\n\t\t\t\t<\/div>\n\t\t\t\t\t<\/div>\n\t\t<\/div>\n\t\t\t\t\t<\/div>\n\t\t<\/section>\n\t\t\t\t<section class=\"elementor-section elementor-top-section elementor-element elementor-element-3a8f0d9 elementor-section-boxed elementor-section-height-default elementor-section-height-default\" data-id=\"3a8f0d9\" data-element_type=\"section\">\n\t\t\t\t\t\t<div class=\"elementor-container elementor-column-gap-default\">\n\t\t\t\t\t<div class=\"elementor-column elementor-col-100 elementor-top-column elementor-element elementor-element-740ede5\" data-id=\"740ede5\" data-element_type=\"column\">\n\t\t\t<div class=\"elementor-widget-wrap elementor-element-populated\">\n\t\t\t\t\t\t<div class=\"elementor-element elementor-element-7e19fc9 elementor-alert-info elementor-widget elementor-widget-alert\" data-id=\"7e19fc9\" data-element_type=\"widget\" data-widget_type=\"alert.default\">\n\t\t\t\t<div class=\"elementor-widget-container\">\n\t\t\t\t\t\t\t<div class=\"elementor-alert\" role=\"alert\">\n\n\t\t\t\t\t\t<span class=\"elementor-alert-title\">\u0422\u0430\u043a\u0436\u0435 \u0434\u043e\u0441\u0442\u0443\u043f\u043d\u0430 \u0436\u0438\u0432\u0430\u044f\u00a0\u043e\u0447\u0435\u0440\u0435\u0434\u044c<\/span>\n\t\t\t\n\t\t\t\n\t\t\t\n\t\t<\/div>\n\t\t\t\t\t\t<\/div>\n\t\t\t\t<\/div>\n\t\t\t\t<div class=\"elementor-element elementor-element-e6ee8d1 elementor-widget elementor-widget-bookly-widget-bookly-form\" data-id=\"e6ee8d1\" data-element_type=\"widget\" data-widget_type=\"bookly-widget-bookly-form.default\">\n\t\t\t\t<div class=\"elementor-widget-container\">\n\t\t\t\t\t<!--\nPlugin Name: Bookly - Responsive WordPress Appointment Booking and Scheduling Plugin\nPlugin URI: https:\/\/www.booking-wp-plugin.com\/?utm_source=bookly_admin&utm_medium=plugins_page&utm_campaign=plugins_page\nVersion: 27.2-->\n<style type=\"text\/css\">\n    :root {\n        --bookly-main-color: #0072ba !important;\n        --bookly-color: #0072ba !important;\n    }\n\n    <\/style><div class=\"bookly-css-root\">\n    <div id=\"bookly-form-container-69d63bc20e9eb\" class=\"bookly-form\" data-form_id=\"\" aria-live=\"polite\">\n        <div style=\"text-align: center\"><img decoding=\"async\" src=\"https:\/\/liepajasriepas.lv\/wp-includes\/js\/tinymce\/skins\/lightgray\/img\/loader.gif\" alt=\"\u0417\u0430\u0433\u0440\u0443\u0437\u043a\u0430...\"\/><\/div>\n    <\/div>\n<\/div>\n    <div class=\"powered-by-bookly\">\u0420\u0430\u0437\u0440\u0430\u0431\u043e\u0442\u0430\u043d\u043e        <a href=\"https:\/\/www.booking-wp-plugin.com\/?utm_source=referral&utm_medium=booking_widget\" target=\"_blank\">Bookly<\/a> \u2014\n        <a href=\"https:\/\/www.booking-wp-plugin.com\/?utm_source=referral&utm_medium=booking_widget\" target=\"_blank\">WordPress Booking Plugin<\/a>\n    <\/div>\n<script type=\"text\/javascript\">\n    (function (win, fn) {\n        var done = false, top = true,\n            doc = win.document,\n            root = doc.documentElement,\n            modern = doc.addEventListener,\n            add = modern ? 'addEventListener' : 'attachEvent',\n            rem = modern ? 'removeEventListener' : 'detachEvent',\n            pre = modern ? '' : 'on',\n            init = function (e) {\n                if (e.type == 'readystatechange') if (doc.readyState != 'complete') return;\n                (e.type == 'load' ? win : doc)[rem](pre + e.type, init, false);\n                if (!done) {\n                    done = true;\n                    fn.call(win, e.type || e);\n                }\n            },\n            poll = function () {\n                try {\n                    root.doScroll('left');\n                } catch (e) {\n                    setTimeout(poll, 50);\n                    return;\n                }\n                init('poll');\n            };\n        if (doc.readyState == 'complete') fn.call(win, 'lazy');\n        else {\n            if (!modern) if (root.doScroll) {\n                try {\n                    top = !win.frameElement;\n                } catch (e) {\n                }\n                if (top) poll();\n            }\n            doc[add](pre + 'DOMContentLoaded', init, false);\n            doc[add](pre + 'readystatechange', init, false);\n            win[add](pre + 'load', init, false);\n        }\n    })(window, function () {\n        window.bookly( {\"form_id\":\"69d63bc20e9eb\",\"form_data\":{\"skip_service_step\":0,\"hide_service_part1\":0,\"hide_service_part2\":1,\"defaults\":{\"service_id\":0,\"staff_id\":0,\"location_id\":0,\"category_id\":0,\"units\":0,\"date_from\":0,\"time_from\":0,\"time_to\":0}},\"status\":{\"booking\":\"new\"},\"form_token\":null,\"skip_steps\":{\"service_part1\":0,\"service_part2\":1,\"extras\":1,\"time\":0,\"repeat\":1,\"cart\":1},\"errors\":{\"session_error\":\"\\u041e\\u0448\\u0438\\u0431\\u043a\\u0430 \\u0441\\u0435\\u0441\\u0441\\u0438\\u0438.\",\"form_id_error\":\"\\u041e\\u0448\\u0438\\u0431\\u043a\\u0430 Form ID.\",\"cart_item_not_available\":\"The selected time is not available anymore. Please, choose another time slot.\",\"pay_locally_not_available\":\"\\u041e\\u043f\\u043b\\u0430\\u0442\\u0430 \\u043d\\u0430\\u043b\\u0438\\u0447\\u043d\\u044b\\u043c\\u0438 \\u043d\\u0435 \\u0434\\u043e\\u0441\\u0442\\u0443\\u043f\\u043d\\u0430.\",\"invalid_gateway\":\"\\u041d\\u0435\\u0432\\u0435\\u0440\\u043d\\u044b\\u0439 \\u0448\\u043b\\u044e\\u0437.\",\"payment_error\":\"\\u041e\\u0448\\u0438\\u0431\\u043a\\u0430.\",\"incorrect_username_password\":\"\\u041d\\u0435\\u0432\\u0435\\u0440\\u043d\\u043e\\u0435 \\u0438\\u043c\\u044f \\u043f\\u043e\\u043b\\u044c\\u0437\\u043e\\u0432\\u0430\\u0442\\u0435\\u043b\\u044f \\u0438\\u043b\\u0438 \\u043f\\u0430\\u0440\\u043e\\u043b\\u044c.\"},\"form_attributes\":{\"hide_categories\":true,\"hide_services\":false,\"hide_staff_members\":true,\"show_number_of_persons\":false,\"hide_service_duration\":true,\"hide_locations\":true,\"hide_quantity\":true,\"hide_date\":true,\"hide_week_days\":true,\"hide_time_range\":true},\"use_client_time_zone\":0,\"defaults\":{\"service_id\":0,\"staff_id\":0,\"location_id\":0,\"category_id\":0},\"datepicker_mode\":\"text-accent\",\"facebook\":{\"enabled\":0,\"appId\":\"\"}} );\n    });\n<\/script>\t\t\t\t<\/div>\n\t\t\t\t<\/div>\n\t\t\t\t\t<\/div>\n\t\t<\/div>\n\t\t\t\t\t<\/div>\n\t\t<\/section>\n\t\t\t\t<section class=\"elementor-section elementor-top-section elementor-element elementor-element-10e8917 elementor-section-boxed elementor-section-height-default elementor-section-height-default\" data-id=\"10e8917\" data-element_type=\"section\">\n\t\t\t\t\t\t<div class=\"elementor-container elementor-column-gap-default\">\n\t\t\t\t\t<div class=\"elementor-column elementor-col-100 elementor-top-column elementor-element elementor-element-9661c5e\" data-id=\"9661c5e\" data-element_type=\"column\">\n\t\t\t<div class=\"elementor-widget-wrap elementor-element-populated\">\n\t\t\t\t\t\t<div class=\"elementor-element elementor-element-04b825f elementor-alert-info elementor-widget elementor-widget-alert\" data-id=\"04b825f\" data-element_type=\"widget\" data-widget_type=\"alert.default\">\n\t\t\t\t<div class=\"elementor-widget-container\">\n\t\t\t\t\t\t\t<div class=\"elementor-alert\" role=\"alert\">\n\n\t\t\t\n\t\t\t\t\t\t<span class=\"elementor-alert-description\">* PREMIUM \u2014 \u044d\u0442\u043e \u0434\u043e\u043f\u043e\u043b\u043d\u0438\u0442\u0435\u043b\u044c\u043d\u044b\u0435 \u0443\u0441\u043b\u0443\u0433\u0438 \u043a \u0441\u0442\u0430\u043d\u0434\u0430\u0440\u0442\u043d\u044b\u043c \u0440\u0430\u0431\u043e\u0442\u0430\u043c \u043f\u043e \u0432\u044b\u0441\u043e\u043a\u043e\u043a\u0430\u0447\u0435\u0441\u0442\u0432\u0435\u043d\u043d\u043e\u043c\u0443 \u043c\u043e\u043d\u0442\u0430\u0436\u0443 \u0438 \u0431\u0430\u043b\u0430\u043d\u0441\u0438\u0440\u043e\u0432\u043a\u0435 \u0448\u0438\u043d. \u0412\u043a\u043b\u044e\u0447\u0430\u0435\u0442 \u0432 \u0441\u0435\u0431\u044f \u043c\u043e\u0439\u043a\u0443 \u0434\u0438\u0441\u043a\u043e\u0432 (\u043c\u043e\u0439\u043a\u0430 \u043d\u0435 \u043e\u0447\u0438\u0449\u0430\u0435\u0442 \u0434\u0438\u0441\u043a\u0438 \u043e\u0442 \u0441\u043c\u043e\u043b\u044b, \u0431\u0438\u0442\u0443\u043c\u0430 \u0438 \u0441\u043b\u043e\u044f \u043f\u044b\u043b\u0438 \u043e\u0442 \u0442\u043e\u0440\u043c\u043e\u0437\u043d\u044b\u0445 \u043a\u043e\u043b\u043e\u0434\u043e\u043a), \u0443\u0434\u0430\u043b\u0435\u043d\u0438\u0435 \u043a\u043b\u0435\u044f \u043e\u0442 \u0441\u0442\u0430\u0440\u044b\u0445 \u0433\u0440\u0443\u0437\u0438\u043a\u043e\u0432 \u0438 \u0437\u0430\u043f\u0440\u0430\u0432\u043a\u0443 \u0430\u0437\u043e\u0442\u043e\u043c \u043f\u0435\u0440\u0435\u0434 \u0431\u0430\u043b\u0430\u043d\u0441\u0438\u0440\u043e\u0432\u043a\u043e\u0439 \u043a\u043e\u043b\u0435\u0441, \u0447\u0442\u043e \u0434\u0435\u043b\u0430\u0435\u0442 \u0435\u0451 \u0431\u043e\u043b\u0435\u0435 \u0442\u043e\u0447\u043d\u043e\u0439.\n\n\n\n\u0423\u0441\u043b\u0443\u0433\u0430 PREMIUM \u0443\u0432\u0435\u043b\u0438\u0447\u0438\u0432\u0430\u0435\u0442 \u0432\u0440\u0435\u043c\u044f \u043e\u0431\u0441\u043b\u0443\u0436\u0438\u0432\u0430\u043d\u0438\u044f \u043d\u0430 30 \u043c\u0438\u043d\u0443\u0442, \u0447\u0442\u043e \u043e\u0437\u043d\u0430\u0447\u0430\u0435\u0442, \u0447\u0442\u043e \u043e\u0431\u0449\u0430\u044f \u043f\u0440\u043e\u0434\u043e\u043b\u0436\u0438\u0442\u0435\u043b\u044c\u043d\u043e\u0441\u0442\u044c \u043c\u043e\u043d\u0442\u0430\u0436\u0430 \u0448\u0438\u043d \u0438\u043b\u0438 \u0431\u0430\u043b\u0430\u043d\u0441\u0438\u0440\u043e\u0432\u043a\u0438 \u043a\u043e\u043b\u0435\u0441 \u0441\u043e\u0441\u0442\u0430\u0432\u0438\u0442 \u043f\u0440\u0438\u043c\u0435\u0440\u043d\u043e 1 \u0447\u0430\u0441.\n\n\n\n\u0414\u043e\u043f\u043e\u043b\u043d\u0438\u0442\u0435\u043b\u044c\u043d\u0430\u044f \u043f\u043b\u0430\u0442\u0430 \u0437\u0430 \u044d\u0442\u043e\u0442 \u043f\u0430\u043a\u0435\u0442 \u043a \u0441\u0442\u0430\u043d\u0434\u0430\u0440\u0442\u043d\u044b\u043c \u0440\u0430\u0431\u043e\u0442\u0430\u043c \u2014 30 EUR \u0437\u0430 \u043a\u043e\u043c\u043f\u043b\u0435\u043a\u0442 \u0438\u0437 4 \u0448\u0442.\n<\/span>\n\t\t\t\n\t\t\t\n\t\t<\/div>\n\t\t\t\t\t\t<\/div>\n\t\t\t\t<\/div>\n\t\t\t\t\t<\/div>\n\t\t<\/div>\n\t\t\t\t\t<\/div>\n\t\t<\/section>\n\t\t\t\t<\/div>\n\t\t","protected":false},"excerpt":{"rendered":"<p>\u0422\u0430\u043a\u0436\u0435 \u0434\u043e\u0441\u0442\u0443\u043f\u043d\u0430 \u0436\u0438\u0432\u0430\u044f\u00a0\u043e\u0447\u0435\u0440\u0435\u0434\u044c * PREMIUM \u2014 \u044d\u0442\u043e \u0434\u043e\u043f\u043e\u043b\u043d\u0438\u0442\u0435\u043b\u044c\u043d\u044b\u0435 \u0443\u0441\u043b\u0443\u0433\u0438 \u043a \u0441\u0442\u0430\u043d\u0434\u0430\u0440\u0442\u043d\u044b\u043c \u0440\u0430\u0431\u043e\u0442\u0430\u043c \u043f\u043e \u0432\u044b\u0441\u043e\u043a\u043e\u043a\u0430\u0447\u0435\u0441\u0442\u0432\u0435\u043d\u043d\u043e\u043c\u0443 \u043c\u043e\u043d\u0442\u0430\u0436\u0443 \u0438 \u0431\u0430\u043b\u0430\u043d\u0441\u0438\u0440\u043e\u0432\u043a\u0435 \u0448\u0438\u043d. \u0412\u043a\u043b\u044e\u0447\u0430\u0435\u0442 \u0432 \u0441\u0435\u0431\u044f \u043c\u043e\u0439\u043a\u0443 \u0434\u0438\u0441\u043a\u043e\u0432 (\u043c\u043e\u0439\u043a\u0430 \u043d\u0435 \u043e\u0447\u0438\u0449\u0430\u0435\u0442 \u0434\u0438\u0441\u043a\u0438 \u043e\u0442 \u0441\u043c\u043e\u043b\u044b, \u0431\u0438\u0442\u0443\u043c\u0430 \u0438 \u0441\u043b\u043e\u044f \u043f\u044b\u043b\u0438 \u043e\u0442 \u0442\u043e\u0440\u043c\u043e\u0437\u043d\u044b\u0445 \u043a\u043e\u043b\u043e\u0434\u043e\u043a), \u0443\u0434\u0430\u043b\u0435\u043d\u0438\u0435 \u043a\u043b\u0435\u044f \u043e\u0442 \u0441\u0442\u0430\u0440\u044b\u0445 \u0433\u0440\u0443\u0437\u0438\u043a\u043e\u0432 \u0438 \u0437\u0430\u043f\u0440\u0430\u0432\u043a\u0443 \u0430\u0437\u043e\u0442\u043e\u043c \u043f\u0435\u0440\u0435\u0434 \u0431\u0430\u043b\u0430\u043d\u0441\u0438\u0440\u043e\u0432\u043a\u043e\u0439 \u043a\u043e\u043b\u0435\u0441, \u0447\u0442\u043e \u0434\u0435\u043b\u0430\u0435\u0442 \u0435\u0451 \u0431\u043e\u043b\u0435\u0435 \u0442\u043e\u0447\u043d\u043e\u0439. \u0423\u0441\u043b\u0443\u0433\u0430 PREMIUM \u0443\u0432\u0435\u043b\u0438\u0447\u0438\u0432\u0430\u0435\u0442 [&hellip;]<\/p>\n","protected":false},"author":1,"featured_media":0,"parent":0,"menu_order":0,"comment_status":"closed","ping_status":"closed","template":"","meta":{"footnotes":""},"class_list":["post-58583","page","type-page","status-publish","hentry"],"yoast_head":"<!-- This site is optimized with the Yoast SEO plugin v27.3 - https:\/\/yoast.com\/product\/yoast-seo-wordpress\/ -->\n<title>\u041f\u043e\u0434\u0430\u0442\u044c \u0437\u0430\u044f\u0432\u043a\u0443 \u043d\u0430 \u0441\u0435\u0440\u0432\u0438\u0441\u043d\u044b\u0439 \u0432\u0438\u0437\u0438\u0442 \u0438 \u043e\u0431\u0441\u043b\u0443\u0436\u0438\u0432\u0430\u043d\u0438\u0435 - Liep\u0101jas riepu centrs<\/title>\n<meta name=\"robots\" content=\"index, follow, max-snippet:-1, max-image-preview:large, max-video-preview:-1\" \/>\n<link rel=\"canonical\" href=\"https:\/\/liepajasriepas.lv\/ru\/podat-zayavku-na-servisnyj-vizit-i-obsluzhivanie\/\" \/>\n<meta property=\"og:locale\" content=\"ru_RU\" \/>\n<meta property=\"og:type\" content=\"article\" \/>\n<meta property=\"og:title\" content=\"\u041f\u043e\u0434\u0430\u0442\u044c \u0437\u0430\u044f\u0432\u043a\u0443 \u043d\u0430 \u0441\u0435\u0440\u0432\u0438\u0441\u043d\u044b\u0439 \u0432\u0438\u0437\u0438\u0442 \u0438 \u043e\u0431\u0441\u043b\u0443\u0436\u0438\u0432\u0430\u043d\u0438\u0435 - Liep\u0101jas riepu centrs\" \/>\n<meta property=\"og:description\" content=\"\u0422\u0430\u043a\u0436\u0435 \u0434\u043e\u0441\u0442\u0443\u043f\u043d\u0430 \u0436\u0438\u0432\u0430\u044f\u00a0\u043e\u0447\u0435\u0440\u0435\u0434\u044c * PREMIUM \u2014 \u044d\u0442\u043e \u0434\u043e\u043f\u043e\u043b\u043d\u0438\u0442\u0435\u043b\u044c\u043d\u044b\u0435 \u0443\u0441\u043b\u0443\u0433\u0438 \u043a \u0441\u0442\u0430\u043d\u0434\u0430\u0440\u0442\u043d\u044b\u043c \u0440\u0430\u0431\u043e\u0442\u0430\u043c \u043f\u043e \u0432\u044b\u0441\u043e\u043a\u043e\u043a\u0430\u0447\u0435\u0441\u0442\u0432\u0435\u043d\u043d\u043e\u043c\u0443 \u043c\u043e\u043d\u0442\u0430\u0436\u0443 \u0438 \u0431\u0430\u043b\u0430\u043d\u0441\u0438\u0440\u043e\u0432\u043a\u0435 \u0448\u0438\u043d. \u0412\u043a\u043b\u044e\u0447\u0430\u0435\u0442 \u0432 \u0441\u0435\u0431\u044f \u043c\u043e\u0439\u043a\u0443 \u0434\u0438\u0441\u043a\u043e\u0432 (\u043c\u043e\u0439\u043a\u0430 \u043d\u0435 \u043e\u0447\u0438\u0449\u0430\u0435\u0442 \u0434\u0438\u0441\u043a\u0438 \u043e\u0442 \u0441\u043c\u043e\u043b\u044b, \u0431\u0438\u0442\u0443\u043c\u0430 \u0438 \u0441\u043b\u043e\u044f \u043f\u044b\u043b\u0438 \u043e\u0442 \u0442\u043e\u0440\u043c\u043e\u0437\u043d\u044b\u0445 \u043a\u043e\u043b\u043e\u0434\u043e\u043a), \u0443\u0434\u0430\u043b\u0435\u043d\u0438\u0435 \u043a\u043b\u0435\u044f \u043e\u0442 \u0441\u0442\u0430\u0440\u044b\u0445 \u0433\u0440\u0443\u0437\u0438\u043a\u043e\u0432 \u0438 \u0437\u0430\u043f\u0440\u0430\u0432\u043a\u0443 \u0430\u0437\u043e\u0442\u043e\u043c \u043f\u0435\u0440\u0435\u0434 \u0431\u0430\u043b\u0430\u043d\u0441\u0438\u0440\u043e\u0432\u043a\u043e\u0439 \u043a\u043e\u043b\u0435\u0441, \u0447\u0442\u043e \u0434\u0435\u043b\u0430\u0435\u0442 \u0435\u0451 \u0431\u043e\u043b\u0435\u0435 \u0442\u043e\u0447\u043d\u043e\u0439. \u0423\u0441\u043b\u0443\u0433\u0430 PREMIUM \u0443\u0432\u0435\u043b\u0438\u0447\u0438\u0432\u0430\u0435\u0442 [&hellip;]\" \/>\n<meta property=\"og:url\" content=\"https:\/\/liepajasriepas.lv\/ru\/podat-zayavku-na-servisnyj-vizit-i-obsluzhivanie\/\" \/>\n<meta property=\"og:site_name\" content=\"Liep\u0101jas riepu centrs\" \/>\n<meta property=\"article:modified_time\" content=\"2025-03-19T11:21:52+00:00\" \/>\n<meta name=\"twitter:card\" content=\"summary_large_image\" \/>\n<meta name=\"twitter:label1\" content=\"\u041f\u0440\u0438\u043c\u0435\u0440\u043d\u043e\u0435 \u0432\u0440\u0435\u043c\u044f \u0434\u043b\u044f \u0447\u0442\u0435\u043d\u0438\u044f\" \/>\n\t<meta name=\"twitter:data1\" content=\"1 \u043c\u0438\u043d\u0443\u0442\u0430\" \/>\n<script type=\"application\/ld+json\" class=\"yoast-schema-graph\">{\"@context\":\"https:\\\/\\\/schema.org\",\"@graph\":[{\"@type\":\"WebPage\",\"@id\":\"https:\\\/\\\/liepajasriepas.lv\\\/ru\\\/podat-zayavku-na-servisnyj-vizit-i-obsluzhivanie\\\/\",\"url\":\"https:\\\/\\\/liepajasriepas.lv\\\/ru\\\/podat-zayavku-na-servisnyj-vizit-i-obsluzhivanie\\\/\",\"name\":\"\u041f\u043e\u0434\u0430\u0442\u044c \u0437\u0430\u044f\u0432\u043a\u0443 \u043d\u0430 \u0441\u0435\u0440\u0432\u0438\u0441\u043d\u044b\u0439 \u0432\u0438\u0437\u0438\u0442 \u0438 \u043e\u0431\u0441\u043b\u0443\u0436\u0438\u0432\u0430\u043d\u0438\u0435 - Liep\u0101jas riepu centrs\",\"isPartOf\":{\"@id\":\"https:\\\/\\\/liepajasriepas.lv\\\/ru\\\/#website\"},\"datePublished\":\"2022-02-02T05:05:53+00:00\",\"dateModified\":\"2025-03-19T11:21:52+00:00\",\"breadcrumb\":{\"@id\":\"https:\\\/\\\/liepajasriepas.lv\\\/ru\\\/podat-zayavku-na-servisnyj-vizit-i-obsluzhivanie\\\/#breadcrumb\"},\"inLanguage\":\"ru-RU\",\"potentialAction\":[{\"@type\":\"ReadAction\",\"target\":[\"https:\\\/\\\/liepajasriepas.lv\\\/ru\\\/podat-zayavku-na-servisnyj-vizit-i-obsluzhivanie\\\/\"]}]},{\"@type\":\"BreadcrumbList\",\"@id\":\"https:\\\/\\\/liepajasriepas.lv\\\/ru\\\/podat-zayavku-na-servisnyj-vizit-i-obsluzhivanie\\\/#breadcrumb\",\"itemListElement\":[{\"@type\":\"ListItem\",\"position\":1,\"name\":\"\u041d\u0430\u0447\u0430\u043b\u043e\",\"item\":\"https:\\\/\\\/liepajasriepas.lv\\\/ru\\\/\"},{\"@type\":\"ListItem\",\"position\":2,\"name\":\"\u041f\u043e\u0434\u0430\u0442\u044c \u0437\u0430\u044f\u0432\u043a\u0443 \u043d\u0430 \u0441\u0435\u0440\u0432\u0438\u0441\u043d\u044b\u0439 \u0432\u0438\u0437\u0438\u0442 \u0438 \u043e\u0431\u0441\u043b\u0443\u0436\u0438\u0432\u0430\u043d\u0438\u0435\"}]},{\"@type\":\"WebSite\",\"@id\":\"https:\\\/\\\/liepajasriepas.lv\\\/ru\\\/#website\",\"url\":\"https:\\\/\\\/liepajasriepas.lv\\\/ru\\\/\",\"name\":\"Liep\u0101jas riepu centrs\",\"description\":\"Jaunas un lietotas, ziemas un vasaras riepas par vislab\u0101kaj\u0101m cen\u0101m\",\"potentialAction\":[{\"@type\":\"SearchAction\",\"target\":{\"@type\":\"EntryPoint\",\"urlTemplate\":\"https:\\\/\\\/liepajasriepas.lv\\\/ru\\\/?s={search_term_string}\"},\"query-input\":{\"@type\":\"PropertyValueSpecification\",\"valueRequired\":true,\"valueName\":\"search_term_string\"}}],\"inLanguage\":\"ru-RU\"}]}<\/script>\n<!-- \/ Yoast SEO plugin. -->","yoast_head_json":{"title":"\u041f\u043e\u0434\u0430\u0442\u044c \u0437\u0430\u044f\u0432\u043a\u0443 \u043d\u0430 \u0441\u0435\u0440\u0432\u0438\u0441\u043d\u044b\u0439 \u0432\u0438\u0437\u0438\u0442 \u0438 \u043e\u0431\u0441\u043b\u0443\u0436\u0438\u0432\u0430\u043d\u0438\u0435 - Liep\u0101jas riepu centrs","robots":{"index":"index","follow":"follow","max-snippet":"max-snippet:-1","max-image-preview":"max-image-preview:large","max-video-preview":"max-video-preview:-1"},"canonical":"https:\/\/liepajasriepas.lv\/ru\/podat-zayavku-na-servisnyj-vizit-i-obsluzhivanie\/","og_locale":"ru_RU","og_type":"article","og_title":"\u041f\u043e\u0434\u0430\u0442\u044c \u0437\u0430\u044f\u0432\u043a\u0443 \u043d\u0430 \u0441\u0435\u0440\u0432\u0438\u0441\u043d\u044b\u0439 \u0432\u0438\u0437\u0438\u0442 \u0438 \u043e\u0431\u0441\u043b\u0443\u0436\u0438\u0432\u0430\u043d\u0438\u0435 - Liep\u0101jas riepu centrs","og_description":"\u0422\u0430\u043a\u0436\u0435 \u0434\u043e\u0441\u0442\u0443\u043f\u043d\u0430 \u0436\u0438\u0432\u0430\u044f\u00a0\u043e\u0447\u0435\u0440\u0435\u0434\u044c * PREMIUM \u2014 \u044d\u0442\u043e \u0434\u043e\u043f\u043e\u043b\u043d\u0438\u0442\u0435\u043b\u044c\u043d\u044b\u0435 \u0443\u0441\u043b\u0443\u0433\u0438 \u043a \u0441\u0442\u0430\u043d\u0434\u0430\u0440\u0442\u043d\u044b\u043c \u0440\u0430\u0431\u043e\u0442\u0430\u043c \u043f\u043e \u0432\u044b\u0441\u043e\u043a\u043e\u043a\u0430\u0447\u0435\u0441\u0442\u0432\u0435\u043d\u043d\u043e\u043c\u0443 \u043c\u043e\u043d\u0442\u0430\u0436\u0443 \u0438 \u0431\u0430\u043b\u0430\u043d\u0441\u0438\u0440\u043e\u0432\u043a\u0435 \u0448\u0438\u043d. \u0412\u043a\u043b\u044e\u0447\u0430\u0435\u0442 \u0432 \u0441\u0435\u0431\u044f \u043c\u043e\u0439\u043a\u0443 \u0434\u0438\u0441\u043a\u043e\u0432 (\u043c\u043e\u0439\u043a\u0430 \u043d\u0435 \u043e\u0447\u0438\u0449\u0430\u0435\u0442 \u0434\u0438\u0441\u043a\u0438 \u043e\u0442 \u0441\u043c\u043e\u043b\u044b, \u0431\u0438\u0442\u0443\u043c\u0430 \u0438 \u0441\u043b\u043e\u044f \u043f\u044b\u043b\u0438 \u043e\u0442 \u0442\u043e\u0440\u043c\u043e\u0437\u043d\u044b\u0445 \u043a\u043e\u043b\u043e\u0434\u043e\u043a), \u0443\u0434\u0430\u043b\u0435\u043d\u0438\u0435 \u043a\u043b\u0435\u044f \u043e\u0442 \u0441\u0442\u0430\u0440\u044b\u0445 \u0433\u0440\u0443\u0437\u0438\u043a\u043e\u0432 \u0438 \u0437\u0430\u043f\u0440\u0430\u0432\u043a\u0443 \u0430\u0437\u043e\u0442\u043e\u043c \u043f\u0435\u0440\u0435\u0434 \u0431\u0430\u043b\u0430\u043d\u0441\u0438\u0440\u043e\u0432\u043a\u043e\u0439 \u043a\u043e\u043b\u0435\u0441, \u0447\u0442\u043e \u0434\u0435\u043b\u0430\u0435\u0442 \u0435\u0451 \u0431\u043e\u043b\u0435\u0435 \u0442\u043e\u0447\u043d\u043e\u0439. \u0423\u0441\u043b\u0443\u0433\u0430 PREMIUM \u0443\u0432\u0435\u043b\u0438\u0447\u0438\u0432\u0430\u0435\u0442 [&hellip;]","og_url":"https:\/\/liepajasriepas.lv\/ru\/podat-zayavku-na-servisnyj-vizit-i-obsluzhivanie\/","og_site_name":"Liep\u0101jas riepu centrs","article_modified_time":"2025-03-19T11:21:52+00:00","twitter_card":"summary_large_image","twitter_misc":{"\u041f\u0440\u0438\u043c\u0435\u0440\u043d\u043e\u0435 \u0432\u0440\u0435\u043c\u044f \u0434\u043b\u044f \u0447\u0442\u0435\u043d\u0438\u044f":"1 \u043c\u0438\u043d\u0443\u0442\u0430"},"schema":{"@context":"https:\/\/schema.org","@graph":[{"@type":"WebPage","@id":"https:\/\/liepajasriepas.lv\/ru\/podat-zayavku-na-servisnyj-vizit-i-obsluzhivanie\/","url":"https:\/\/liepajasriepas.lv\/ru\/podat-zayavku-na-servisnyj-vizit-i-obsluzhivanie\/","name":"\u041f\u043e\u0434\u0430\u0442\u044c \u0437\u0430\u044f\u0432\u043a\u0443 \u043d\u0430 \u0441\u0435\u0440\u0432\u0438\u0441\u043d\u044b\u0439 \u0432\u0438\u0437\u0438\u0442 \u0438 \u043e\u0431\u0441\u043b\u0443\u0436\u0438\u0432\u0430\u043d\u0438\u0435 - Liep\u0101jas riepu centrs","isPartOf":{"@id":"https:\/\/liepajasriepas.lv\/ru\/#website"},"datePublished":"2022-02-02T05:05:53+00:00","dateModified":"2025-03-19T11:21:52+00:00","breadcrumb":{"@id":"https:\/\/liepajasriepas.lv\/ru\/podat-zayavku-na-servisnyj-vizit-i-obsluzhivanie\/#breadcrumb"},"inLanguage":"ru-RU","potentialAction":[{"@type":"ReadAction","target":["https:\/\/liepajasriepas.lv\/ru\/podat-zayavku-na-servisnyj-vizit-i-obsluzhivanie\/"]}]},{"@type":"BreadcrumbList","@id":"https:\/\/liepajasriepas.lv\/ru\/podat-zayavku-na-servisnyj-vizit-i-obsluzhivanie\/#breadcrumb","itemListElement":[{"@type":"ListItem","position":1,"name":"\u041d\u0430\u0447\u0430\u043b\u043e","item":"https:\/\/liepajasriepas.lv\/ru\/"},{"@type":"ListItem","position":2,"name":"\u041f\u043e\u0434\u0430\u0442\u044c \u0437\u0430\u044f\u0432\u043a\u0443 \u043d\u0430 \u0441\u0435\u0440\u0432\u0438\u0441\u043d\u044b\u0439 \u0432\u0438\u0437\u0438\u0442 \u0438 \u043e\u0431\u0441\u043b\u0443\u0436\u0438\u0432\u0430\u043d\u0438\u0435"}]},{"@type":"WebSite","@id":"https:\/\/liepajasriepas.lv\/ru\/#website","url":"https:\/\/liepajasriepas.lv\/ru\/","name":"Liep\u0101jas riepu centrs","description":"Jaunas un lietotas, ziemas un vasaras riepas par vislab\u0101kaj\u0101m cen\u0101m","potentialAction":[{"@type":"SearchAction","target":{"@type":"EntryPoint","urlTemplate":"https:\/\/liepajasriepas.lv\/ru\/?s={search_term_string}"},"query-input":{"@type":"PropertyValueSpecification","valueRequired":true,"valueName":"search_term_string"}}],"inLanguage":"ru-RU"}]}},"_links":{"self":[{"href":"https:\/\/liepajasriepas.lv\/ru\/wp-json\/wp\/v2\/pages\/58583","targetHints":{"allow":["GET"]}}],"collection":[{"href":"https:\/\/liepajasriepas.lv\/ru\/wp-json\/wp\/v2\/pages"}],"about":[{"href":"https:\/\/liepajasriepas.lv\/ru\/wp-json\/wp\/v2\/types\/page"}],"author":[{"embeddable":true,"href":"https:\/\/liepajasriepas.lv\/ru\/wp-json\/wp\/v2\/users\/1"}],"replies":[{"embeddable":true,"href":"https:\/\/liepajasriepas.lv\/ru\/wp-json\/wp\/v2\/comments?post=58583"}],"version-history":[{"count":0,"href":"https:\/\/liepajasriepas.lv\/ru\/wp-json\/wp\/v2\/pages\/58583\/revisions"}],"wp:attachment":[{"href":"https:\/\/liepajasriepas.lv\/ru\/wp-json\/wp\/v2\/media?parent=58583"}],"curies":[{"name":"wp","href":"https:\/\/api.w.org\/{rel}","templated":true}]}}