{"id":58578,"date":"2021-11-03T12:32:23","date_gmt":"2021-11-03T10:32:23","guid":{"rendered":"https:\/\/riepas.igstudija.lv\/?page_id=58578"},"modified":"2022-02-08T17:47:10","modified_gmt":"2022-02-08T15:47:10","slug":"usloviya-ispolzovaniya","status":"publish","type":"page","link":"https:\/\/liepajasriepas.lv\/ru\/usloviya-ispolzovaniya\/","title":{"rendered":"\u0423\u0441\u043b\u043e\u0432\u0438\u044f \u0438\u0441\u043f\u043e\u043b\u044c\u0437\u043e\u0432\u0430\u043d\u0438\u044f"},"content":{"rendered":"\t\t<div data-elementor-type=\"wp-page\" data-elementor-id=\"58578\" class=\"elementor elementor-58578 elementor-7822\" data-elementor-post-type=\"page\">\n\t\t\t\t\t\t<section class=\"elementor-section elementor-top-section elementor-element elementor-element-a230d33 elementor-section-boxed elementor-section-height-default elementor-section-height-default\" data-id=\"a230d33\" data-element_type=\"section\">\n\t\t\t\t\t\t<div class=\"elementor-container elementor-column-gap-default\">\n\t\t\t\t\t<div class=\"elementor-column elementor-col-100 elementor-top-column elementor-element elementor-element-8ec9d4c\" data-id=\"8ec9d4c\" data-element_type=\"column\">\n\t\t\t<div class=\"elementor-widget-wrap elementor-element-populated\">\n\t\t\t\t\t\t<div class=\"elementor-element elementor-element-dc32cbe elementor-widget elementor-widget-heading\" data-id=\"dc32cbe\" data-element_type=\"widget\" data-widget_type=\"heading.default\">\n\t\t\t\t<div class=\"elementor-widget-container\">\n\t\t\t\t\t<h1 class=\"elementor-heading-title elementor-size-default\">\u0423\u0441\u043b\u043e\u0432\u0438\u044f \u0438\u0441\u043f\u043e\u043b\u044c\u0437\u043e\u0432\u0430\u043d\u0438\u044f<\/h1>\t\t\t\t<\/div>\n\t\t\t\t<\/div>\n\t\t\t\t\t<\/div>\n\t\t<\/div>\n\t\t\t\t\t<\/div>\n\t\t<\/section>\n\t\t\t\t<section class=\"elementor-section elementor-top-section elementor-element elementor-element-dd69bf1 elementor-section-boxed elementor-section-height-default elementor-section-height-default\" data-id=\"dd69bf1\" data-element_type=\"section\">\n\t\t\t\t\t\t<div class=\"elementor-container elementor-column-gap-default\">\n\t\t\t\t\t<div class=\"elementor-column elementor-col-100 elementor-top-column elementor-element elementor-element-d05749a\" data-id=\"d05749a\" data-element_type=\"column\">\n\t\t\t<div class=\"elementor-widget-wrap elementor-element-populated\">\n\t\t\t\t\t\t<div class=\"elementor-element elementor-element-0b4ee80 elementor-widget elementor-widget-text-editor\" data-id=\"0b4ee80\" data-element_type=\"widget\" data-widget_type=\"text-editor.default\">\n\t\t\t\t<div class=\"elementor-widget-container\">\n\t\t\t\t\t\t\t\t\t<p>\u0160ie noteikumi attiecas uz visiem l\u012bgumiem par t\u0101du pre\u010du pirkumu, kuras pas\u016bt\u012btas www.gramatuplaukts.lv.<\/p><p>1. NOTEIKTIE PIEN\u0100KUMI<\/p><p>1.1. SIA \u201cLiep\u0101jas riepu centrs\u201d piedero\u0161\u0101 interneta vietn\u0113 liepajasriepas.lv pirkumus var veikt gan re\u0123istr\u0113ti Klienti, kuriem ir izveidots klienta konts, gan tie, kuri nere\u0123istr\u0113jas interneta gr\u0101matn\u012bc\u0101, bet veicot pas\u016bt\u012bjumu, nor\u0101da savu v\u0101rdu, uzv\u0101rdu, pieg\u0101des adresi.<\/p><p>1.2. Ar pas\u016bt\u012bjuma veik\u0161anu Klients apliecina to, ka piln\u012bb\u0101 piekr\u012bt liepajasriepas.lv noteikumiem un ap\u0146emas tos iev\u0113rot. L\u012bgums st\u0101jas sp\u0113k\u0101 br\u012bd\u012b, kad ir sa\u0146emta apmaksa par klienta veikto pas\u016bt\u012bjumu un\/vai izbeidzas preces pieg\u0101des br\u012bd\u012b.<\/p><p>1.3. SIA \u201cLiep\u0101jas riepu centrs\u201d uz\u0146emas pien\u0101kumu sniegt Klientam inform\u0101ciju un dot apstiprin\u0101jumu, ka pirkuma l\u012bgums ir st\u0101jies sp\u0113k\u0101:<\/p><p>1.3.1. p\u0113c pirkuma pas\u016bt\u012bjuma apmaksas, Klients sa\u0146em e-pasta v\u0113stuli par izdar\u012bto pas\u016bt\u012bjumu;<\/p><p>1.3.2. ja Klienta pas\u016bt\u012bt\u0101 preces nav pieejama, SIA \u201cLiep\u0101jas riepu centrs\u201d nos\u016bta Klientam e-pasta v\u0113stuli, inform\u0113jot par \u0161o gad\u012bjumu.<\/p><p>1.4. Darb\u012bbas, kas j\u0101veic, lai veiktu pas\u016bt\u012bjumu:<\/p><ul><li>j\u0101izv\u0113las prece\/-es<\/li><li>j\u0101ieliek \u201cgroz\u0101\u201d izv\u0113l\u0113t\u0101s preces un j\u0101nor\u0101da to skaits<\/li><li>j\u0101ieraksta klienta v\u0101rds, uzv\u0101rds un pieg\u0101des adrese\/sa\u0146em\u0161anas veids<\/li><li>j\u0101izv\u0113las maks\u0101juma veids<\/li><li>j\u0101veic maks\u0101jums, un tikai p\u0113c t\u0101 sa\u0146em\u0161anas s\u0101kas nepiecie\u0161amo pre\u010du pieg\u0101des gatvo\u0161ana<\/li><li>j\u0101sa\u0146em apstiprin\u0101jumi par pas\u016bt\u012bjuma statusa mai\u0146u (apmaksas sa\u0146em\u0161ana, pas\u016bt\u012bjuma nokomplekt\u0113\u0161ana, utt.) uz savu nor\u0101d\u012bto e-pasta adresi<\/li><\/ul><p>2. PAS\u016aT\u012aJUMA IZPILDES TERMI\u0145\u0160<\/p><p>Pieg\u0101des termi\u0146u nosaka tas, vai nepiecie\u0161am\u0101s preces ir uz vietas, k\u0101 ar\u012b pieg\u0101des veids, ko nor\u0101d\u012bjis Klients. .<\/p><p>Ja nepiecie\u0161ams steidzama pas\u016bt\u012bjuma izpilde, l\u016bdzu sazin\u0101ties ar SIA \u201cLiep\u0101jas riepu centrs\u201d, pa e-pastu info@liepajasriepas.lv.<\/p><p>3. NOR\u0112\u0136INU K\u0100RT\u012aBA<\/p><p>3.1. Visas cenas interneta veikal\u0101 liepajasriepas.lv uzr\u0101d\u012btas kop\u0101 ar PVN. PVN izmai\u0146u gad\u012bjum\u0101 tiek veiktas atbilsto\u0161as cenu korekcijas. Pre\u010du cenas var tikt main\u012btas, iepriek\u0161 nebr\u012bdinot Klientus.<\/p><p>3.2. Par pas\u016bt\u012bjumiem interneta veikal\u0101 liepajasriepas.lv var nor\u0113\u0137in\u0101ties 2 veidos:<\/p><p>3.2.1. ar maks\u0101juma kart\u0113m Visa, Master Card, Maestro;<\/p><p>3.2.2. apmaks\u0101jot r\u0113\u0137inu \u00a0jebkur\u0101 bank\u0101\/interneta bank\u0101 (pas\u016bt\u012bjuma apstr\u0101de tiek uzs\u0101kta tad, kad ir sa\u0146emts maks\u0101jums).<\/p><p>4. PRIV\u0100TUMA POLITIKA<\/p><p>4.1.\u00a0 Klienta\u00a0sniegt\u0101 inform\u0101cija apjom\u0101, k\u0101d\u0101 t\u0101 j\u0101uzskata par \u201epersonas datiem\u201d, tiks apstr\u0101d\u0101ta saska\u0146\u0101 ar Eiropas Parlamenta un Padomes Regulu (ES) 2016\/679 (2016.gada 27.apr\u012blis) par fizisku personu aizsardz\u012bbu attiec\u012bb\u0101 uz personas datu apstr\u0101di un \u0161\u0101du datu br\u012bvu apriti un ar ko atce\u013c Direkt\u012bvu 95\/46\/EK (Visp\u0101r\u012bg\u0101 datu aizsardz\u012bbas regula);<\/p><p>4.2. Personas dati tiks iek\u013cauti SIA \u201cLiep\u0101jas riepu centrs\u201d piedero\u0161\u0101 datu b\u0101z\u0113;<\/p><p>4.3. Personas datus izmatos sav\u0101 komercdarb\u012bb\u0101 SIA \u201cLiep\u0101jas riepu centrs\u201d un saist\u012bb\u0101 ar pre\u010du tirdzniec\u012bbu;<\/p><p>4.4. SIA \u201cLiep\u0101jas riepu centrs\u201d var nodot personas datus tre\u0161\u0101m person\u0101m tik liel\u0101 apm\u0113ra, lai sekm\u012bgi pieg\u0101d\u0101tu apmaks\u0101to pas\u016bt\u012bjumu izmantojot kurjerpakalpojumu snieg\u0161anas komp\u0101niju.<\/p><p>4.4. Klients veicot pas\u016bt\u012bjumu ir inform\u0113ts un piekr\u012bt sa\u0146emt sav\u0101 e-past\u0101 zi\u0146as par jaun\u0101m prec\u0113m, pre\u010du reklam\u0113\u0161anas pas\u0101kumiem, izst\u0101d\u0113m, akcij\u0101m un citiem tirdzniec\u012bbas pas\u0101kumiem, kurus veiks SIA \u201cLiep\u0101jas riepu centrs\u201d;<\/p><p>5. PIEG\u0100DE<\/p><p>Preces iesp\u0113jams sa\u0146emt:<\/p><ul><li>ar kurjerpasta pakalpojuma sniedz\u0113ja starpniec\u012bbu un noteiktiem pieg\u0101des pakalpojuma izcenojumiem<\/li><li>SIA \u201cLiep\u0101jas riepu centrs\u201d veikal\u0101 Pulvera iel\u0101 10, Liep\u0101j\u0101, LV-3405<\/li><\/ul><p><strong>Pre\u010du pieg<\/strong><strong>\u0101<\/strong><strong>des maksa nav iek<\/strong><strong>\u013c<\/strong><strong>auta nor<\/strong><strong>\u0101<\/strong><strong>d<\/strong><strong>\u012b<\/strong><strong>taj<\/strong><strong>\u0101<\/strong><strong>\u00a0preces cen<\/strong><strong>\u0101<\/strong><strong>!<\/strong><\/p><p>Uz\u0146\u0113mums patur ties\u012bbas nepieg\u0101d\u0101t\/nodot preci, ja Pirc\u0113js nav veicis preces apmaksu.<\/p><p>Pas\u016bt\u012bt\u0101s preces SIA \u201cLiep\u0101jas riepu centrs\u201d izs\u016bta 3 (tr\u012bs) darba dienu laik\u0101. Kop\u012bgais pre\u010du pieg\u0101des laiks ir atkar\u012bgs no sadarb\u012bbas partneru noslodzes.\u00a0<\/p><p>Pre\u010du cenas ir nor\u0101d\u012btas ar Pievienot\u0101s v\u0113rt\u012bbas nodokli (PVN). Cen\u0101 nav iek\u013cauta maksa par pieg\u0101di. Pieg\u0101des maksa var main\u012bties atkar\u012bb\u0101 no pieg\u0101des re\u0123iona un preces svara\/izm\u0113ra\/iepakojuma.<\/p><p>6. ATTEIKUMA TIES\u012aBAS<\/p><p>Saska\u0146\u0101 ar Latvijas Republikas Pat\u0113r\u0113t\u0101ju ties\u012bbu aizsardz\u012bbas likumu, Pirc\u0113js var izmantot atteikuma ties\u012bbas un vienpus\u0113ji atk\u0101pties no distances l\u012bguma 14 kalend\u0101ro dienu laik\u0101 un atgriezt SIA \u201cLiep\u0101jas riepu centrs\u201d interneta veikal\u0101 ieg\u0101d\u0101to preci.<\/p><p>Atteikuma ties\u012bbu izmanto\u0161anas termi\u0146u skaita no dienas, kad Pirc\u0113js ir sa\u0146\u0113mis preci vai preces (pre\u010du) da\u013cu (gad\u012bjumos, kas pas\u016bt\u012bjums tika izpild\u012bts da\u013c\u0113ji).<\/p><p>Atbilsto\u0161i Pat\u0113r\u0113t\u0101ju ties\u012bbu aizsardz\u012bbas likuma 12.panta sest\u0101 da\u013cai pat\u0113r\u0113t\u0101js ir atbild\u012bgs par preces kvalit\u0101tes un dro\u0161uma saglab\u0101\u0161anu atteikuma ties\u012bbu realiz\u0113\u0161anas termi\u0146\u0101. SIA \u201cLiep\u0101jas riepu centrs\u201d patur ties\u012bbas Pirc\u0113jam atteikt izmantot atteikuma ties\u012bbas vai ietur\u0113t kompens\u0101cijas maksu gad\u012bjum\u0101, ja prece ir boj\u0101ta, lieto\u0161anas laik\u0101 nev\u0113r\u012bgi izturoties pret preci.<\/p><p>7. S\u012aKDATNES<\/p><p>Apmekl\u0113jot m\u016bsu m\u0101jaslapu, J\u016bsu dator\u0101 vai cit\u0101 ier\u012bc\u0113 kuru J\u016bs lietojat un, kas ir piesl\u0113gta internetam var tikt ievietotas s\u012bkdatnes (\u201ccookies\u201d).<\/p><p>S\u012bkdatnes ir nelieli faili, kas tiek saglab\u0101ti j\u016bsu iek\u0101rtas atmi\u0146\u0101. Tas \u013cauj viegl\u0101k p\u0101rskat\u012bt interneta vietni un padara to lietot\u0101jam, t.i. Jums, daudz draudz\u012bg\u0101ku. S\u012bkdatnes nesatur inform\u0101ciju, kas var\u0113tu mums \u013caut J\u016bs identific\u0113t. M\u016bsu r\u012bc\u012bb\u0101 ir vien\u012bgi anon\u012bma inform\u0101cija, kuru m\u0113s iek\u013caujam savos anal\u012btiskajos zi\u0146ojumos, ta\u010du t\u0101 mums ne\u013cauj J\u016bs identific\u0113t.<\/p><p>Atz\u012bm\u0113jot \u201ePiekr\u012btu\u201d lodzi\u0146\u0101, kas nor\u0101d\u012bts ien\u0101kot m\u016bsu m\u0101jas lap\u0101 liepajasriepas.lv, J\u016bs piekr\u012btat, ka m\u0113s iev\u0101cam inform\u0101ciju par m\u016bsu m\u0101jas lapas apmekl\u0113jumu izmantojot s\u012bkdatnes, k\u0101 to nosaka J\u016bsu interneta p\u0101rl\u016bkprogramma. J\u016bsu piekri\u0161anas statuss tiek saglab\u0101ts s\u012bkdatn\u0113 90 dienas. Ja J\u016bs nev\u0113laties, lai s\u012bkdatnes, kas ir saist\u012btas ar m\u016bsu m\u0101jas lapu, ir ierakst\u012btas J\u016bsu dator\u0101 vai jebkur\u0101 cit\u0101 ier\u012bc\u0113, kas piesl\u0113gta internetam, tad J\u016bs nedr\u012bkstat apmekl\u0113t m\u016bsu m\u0101jas lapu. Izsme\u013co\u0161\u0101ka inform\u0101cija par s\u012bkdat\u0146u p\u0101rvald\u012b\u0161anu ir sniegta, piem\u0113ram, t\u0101d\u0101s vietn\u0113s k\u0101 <a href=\"http:\/\/www.allaboutcookies.org\/\" target=\"_blank\" rel=\"noreferrer noopener\">www.allaboutcookies.org<\/a>.<\/p><p>Zem\u0101k ir sniegta inform\u0101cija par s\u012bkdat\u0146u veidiem un to izmanto\u0161anas m\u0113r\u0137iem.<\/p><p><strong>S\u012bkdat\u0146u veidi<\/strong><\/p><p>Ir divu veidu s\u012bkdatnes \u2014 sesijas un past\u0101v\u012bg\u0101s s\u012bkdatnes. S\u012bkdatnes tiek iedal\u012btas ar\u012b pirm\u0101s vai tre\u0161\u0101s puses s\u012bkdatn\u0113s. T\u0101l\u0101k tekst\u0101 ir izskaidroti iepriek\u0161min\u0113tie j\u0113dzieni, lai J\u016bs var\u0113tu lab\u0101k izprast s\u012bkdat\u0146u b\u016bt\u012bbu un to, k\u0101d\u0113\u013c m\u0113s t\u0101s izmantojam.<\/p><p>Sesijas s\u012bkdatnes \u013cauj J\u016bs atpaz\u012bt, kad apmekl\u0113jat konkr\u0113tu t\u012bmek\u013ca vietni, iegaum\u0113jot jebkuras izmai\u0146as vai izv\u0113les konkr\u0113taj\u0101 vietn\u0113, lai t\u0101s saglab\u0101tos ar\u012b cit\u0101s lap\u0101s. \u0160\u012bs s\u012bkdatnes \u013cauj Jums \u0101tri un \u0113rti izmantot vienas t\u012bmek\u013ca vietnes vair\u0101kas lapas, izvairoties no vajadz\u012bbas apstr\u0101d\u0101t katru apmekl\u0113to lapu. Sesijas s\u012bkdatnes nav past\u0101v\u012bgas \u2014 to darb\u012bba beigsies, kad aizv\u0113rsiet t\u012bmek\u013ca p\u0101rl\u016bku vai p\u0101rtrauksiet sesiju konkr\u0113taj\u0101 t\u012bmek\u013ca vietn\u0113.<\/p><p><strong>Past\u0101v\u012bgas s\u012bkdatnes<\/strong>\u00a0ir s\u012bkdatnes, kas J\u016bsu internetam piesl\u0113gtaj\u0101 iek\u0101rt\u0101 uzglab\u0101jas konkr\u0113tu laiku p\u0113c t\u012bmek\u013ca p\u0101rl\u016bko\u0161anas sesijas beig\u0101m, t\u0101d\u0113\u013c t\u0101s \u013cauj saglab\u0101t lietot\u0101ja izv\u0113les vai r\u012bc\u012bbu vietn\u0113 un izmantot t\u0101s n\u0101kamreiz, kad lietot\u0101js apmekl\u0113s \u0161o vietni.<\/p><p><strong>Pirm\u0101s puses s\u012bkdatnes<\/strong>\u00a0ir s\u012bkdatnes, ko uztur strukt\u016bras, kuras administr\u0113 m\u0101jas lapas uztur\u0113t\u0101js.<\/p><p><strong>Tre\u0161\u0101s puses s\u012bkdatnes<\/strong>\u00a0uztur citi dom\u0113ni, kas nepieder www.gramatuplaukts.lv. Tre\u0161\u0101s puses s\u012bkdatnes, kas var tikt saglab\u0101tas J\u016bsu dator\u0101, telefon\u0101 vai plan\u0161etdator\u0101, kad J\u016bs p\u0101rl\u016bkojat m\u016bsu t\u012bmek\u013ca vietni ir Google Analytics s\u012bkdatnes, kas ir paredz\u0113tas vietnes uzraudz\u012bbai. \u0160\u012bs s\u012bkdatnes iev\u0101c inform\u0101ciju par to, k\u0101 apmekl\u0113t\u0101ji izmanto t\u012bmek\u013ca vietni. M\u0113s izmantojam \u0161o inform\u0101ciju, lai veidotu atskaites un uzlabotu m\u016bsu vietni. Google Analytics s\u012bkdatnes iev\u0101c un apkopo inform\u0101ciju anon\u012bm\u0101 veid\u0101 par apmekl\u0113t\u0101ju skaitu, piek\u013cuves vietu \u0161ai vietnei un m\u016bsu vietnes sada\u013cas, kas tika p\u0101rl\u016bkotas. \u0160\u012bs s\u012bkdatnes izveidoja Google Analytics. Lai ieg\u016btu vair\u0101k inform\u0101cijas, l\u016bdzu, apmekl\u0113jiet\u00a0<a href=\"https:\/\/www.google.com\/analytics\" target=\"_blank\" rel=\"noreferrer noopener\">http:\/\/www.google.com\/analytics<\/a>. Jebkura inform\u0101cija, kas tika iev\u0101kta ar s\u012bkdat\u0146u pal\u012bdz\u012bbu, tiek saglab\u0101ta tikai l\u012bdz s\u012bkdat\u0146u termi\u0146a beig\u0101m, un netiek izmantota citiem m\u0113r\u0137iem, kas nav nor\u0101d\u012bti \u0161aj\u0101 politik\u0101.<\/p><p>Google Analytics s\u012bkdatne paredz iesp\u0113ju Jums par\u0101d\u012bt m\u016bs interes\u0113jo\u0161u zi\u0146ojumu k\u0101d\u0101 no cit\u0101m interneta vietn\u0113m, kur\u0101m ir sadarb\u012bbas l\u012bgums ar Google Adwords platformu.<\/p><p>Lai atrastu inform\u0101ciju, k\u0101 atcelt t\u012bmek\u013ca vietnes uzraudz\u012bbu ar Google Analytics, l\u016bdzu, apmekl\u0113jiet:\u00a0<a href=\"https:\/\/tools.google.com\/dlpage\/gaoptout\" target=\"_blank\" rel=\"noreferrer noopener\">http:\/\/tools.google.com\/dlpage\/gaoptout<\/a>.<\/p><p><strong>Piekri\u0161anas atcel\u0161ana un s\u012bkdat\u0146u iestat\u012bjumu p\u0101rvald\u012b\u0161ana<\/strong><\/p><p>S\u012bkdat\u0146u iestat\u012bjumus J\u016bs varat main\u012bt jebkur\u0101 laik\u0101 sav\u0101 interneta p\u0101rl\u016bkprogramm\u0101. Piem\u0113ram, J\u016bs varat atcelt doto piekri\u0161anu s\u012bkdat\u0146u saglab\u0101\u0161anai at\u0137eks\u0113jot sav\u0101 p\u0101rl\u016bkprogramm\u0101 funkciju, kas \u013cauj noraid\u012bt visus s\u012bkdat\u0146u saglab\u0101\u0161anas priek\u0161likumus. \u0160os iestat\u012bjumus J\u016bs varat atrast savas interneta p\u0101rl\u016bkprogrammas izv\u0113ln\u0113s \u201ciesp\u0113jas\u201d vai \u201cpreferences\u201d. Zem\u0101k J\u016bs varat atrast da\u017eas noder\u012bgas saites:<\/p><p>Chrome:\u00a0<a href=\"https:\/\/support.google.com\/chrome\/bin\/answer.py?hl=en&amp;answer=95647\" target=\"_blank\" rel=\"noreferrer noopener\">Atbalsts Chrome lietot\u0101jiem<\/a><\/p><p>Firefox:\u00a0<a href=\"https:\/\/support.mozilla.org\/en-US\/kb\/cookies-information-websites-store-on-your-computer?redirectlocale=en-US&amp;redirectslug=Cookies\" target=\"_blank\" rel=\"noreferrer noopener\">Atbalsts Firefox lietot\u0101jiem<\/a><\/p><p>Internet Explorer:\u00a0<a href=\"https:\/\/support.microsoft.com\/\" target=\"_blank\" rel=\"noreferrer noopener\">Atbalsts Internet Explorer lietot\u0101jiem<\/a>\u00a0un ierakstiet v\u0101rdu \u201ccookies\u201d mekl\u0113\u0161anas lauk\u0101<\/p><p>Safari:\u00a0<a href=\"https:\/\/www.apple.com\/support\/\" target=\"_blank\" rel=\"noreferrer noopener\">Atbalsts Safari lietot\u0101jiem<\/a>\u00a0un ierakstiet v\u0101rdu \u201ccookies\u201d mekl\u0113\u0161anas lauk\u0101<\/p><p>8. SIA \u201cLiep\u0101jas riepu centrs\u201d\u00a0 TIES\u012aBAS IZBEIGT L\u012aGUMU<\/p><p>SIA \u201cLiep\u0101jas riepu centrs\u201d patur ties\u012bbas izbeigt l\u012bgumu, ja pas\u016bt\u012bt\u0101s preces nav pieejamas.<br \/>Naudas summa, kas samaks\u0101ta par pas\u016bt\u012btaj\u0101m prec\u0113m, bet nepieejam\u0101m prec\u0113m tiek atgriezta klientam.<\/p>\t\t\t\t\t\t\t\t<\/div>\n\t\t\t\t<\/div>\n\t\t\t\t\t<\/div>\n\t\t<\/div>\n\t\t\t\t\t<\/div>\n\t\t<\/section>\n\t\t\t\t<\/div>\n\t\t","protected":false},"excerpt":{"rendered":"<p>\u0423\u0441\u043b\u043e\u0432\u0438\u044f \u0438\u0441\u043f\u043e\u043b\u044c\u0437\u043e\u0432\u0430\u043d\u0438\u044f \u0160ie noteikumi attiecas uz visiem l\u012bgumiem par t\u0101du pre\u010du pirkumu, kuras pas\u016bt\u012btas www.gramatuplaukts.lv. 1. NOTEIKTIE PIEN\u0100KUMI 1.1. SIA \u201cLiep\u0101jas riepu centrs\u201d piedero\u0161\u0101 interneta vietn\u0113 liepajasriepas.lv pirkumus var veikt gan re\u0123istr\u0113ti Klienti, kuriem ir izveidots klienta konts, gan tie, kuri nere\u0123istr\u0113jas interneta gr\u0101matn\u012bc\u0101, bet veicot pas\u016bt\u012bjumu, nor\u0101da savu v\u0101rdu, uzv\u0101rdu, pieg\u0101des adresi. 1.2. Ar [&hellip;]<\/p>\n","protected":false},"author":1,"featured_media":0,"parent":0,"menu_order":0,"comment_status":"closed","ping_status":"closed","template":"","meta":{"footnotes":""},"class_list":["post-58578","page","type-page","status-publish","hentry"],"yoast_head":"<!-- This site is optimized with the Yoast SEO plugin v27.5 - https:\/\/yoast.com\/product\/yoast-seo-wordpress\/ -->\n<title>\u0423\u0441\u043b\u043e\u0432\u0438\u044f \u0438\u0441\u043f\u043e\u043b\u044c\u0437\u043e\u0432\u0430\u043d\u0438\u044f - Liep\u0101jas riepu centrs<\/title>\n<meta name=\"robots\" content=\"index, follow, max-snippet:-1, max-image-preview:large, max-video-preview:-1\" \/>\n<link rel=\"canonical\" href=\"https:\/\/liepajasriepas.lv\/ru\/usloviya-ispolzovaniya\/\" \/>\n<meta property=\"og:locale\" content=\"ru_RU\" \/>\n<meta property=\"og:type\" content=\"article\" \/>\n<meta property=\"og:title\" content=\"\u0423\u0441\u043b\u043e\u0432\u0438\u044f \u0438\u0441\u043f\u043e\u043b\u044c\u0437\u043e\u0432\u0430\u043d\u0438\u044f - Liep\u0101jas riepu centrs\" \/>\n<meta property=\"og:description\" content=\"\u0423\u0441\u043b\u043e\u0432\u0438\u044f \u0438\u0441\u043f\u043e\u043b\u044c\u0437\u043e\u0432\u0430\u043d\u0438\u044f \u0160ie noteikumi attiecas uz visiem l\u012bgumiem par t\u0101du pre\u010du pirkumu, kuras pas\u016bt\u012btas www.gramatuplaukts.lv. 1. NOTEIKTIE PIEN\u0100KUMI 1.1. SIA \u201cLiep\u0101jas riepu centrs\u201d piedero\u0161\u0101 interneta vietn\u0113 liepajasriepas.lv pirkumus var veikt gan re\u0123istr\u0113ti Klienti, kuriem ir izveidots klienta konts, gan tie, kuri nere\u0123istr\u0113jas interneta gr\u0101matn\u012bc\u0101, bet veicot pas\u016bt\u012bjumu, nor\u0101da savu v\u0101rdu, uzv\u0101rdu, pieg\u0101des adresi. 1.2. Ar [&hellip;]\" \/>\n<meta property=\"og:url\" content=\"https:\/\/liepajasriepas.lv\/ru\/usloviya-ispolzovaniya\/\" \/>\n<meta property=\"og:site_name\" content=\"Liep\u0101jas riepu centrs\" \/>\n<meta property=\"article:modified_time\" content=\"2022-02-08T15:47:10+00:00\" \/>\n<meta name=\"twitter:card\" content=\"summary_large_image\" \/>\n<meta name=\"twitter:label1\" content=\"\u041f\u0440\u0438\u043c\u0435\u0440\u043d\u043e\u0435 \u0432\u0440\u0435\u043c\u044f \u0434\u043b\u044f \u0447\u0442\u0435\u043d\u0438\u044f\" \/>\n\t<meta name=\"twitter:data1\" content=\"7 \u043c\u0438\u043d\u0443\u0442\" \/>\n<script type=\"application\/ld+json\" class=\"yoast-schema-graph\">{\"@context\":\"https:\\\/\\\/schema.org\",\"@graph\":[{\"@type\":\"WebPage\",\"@id\":\"https:\\\/\\\/liepajasriepas.lv\\\/ru\\\/usloviya-ispolzovaniya\\\/\",\"url\":\"https:\\\/\\\/liepajasriepas.lv\\\/ru\\\/usloviya-ispolzovaniya\\\/\",\"name\":\"\u0423\u0441\u043b\u043e\u0432\u0438\u044f \u0438\u0441\u043f\u043e\u043b\u044c\u0437\u043e\u0432\u0430\u043d\u0438\u044f - Liep\u0101jas riepu centrs\",\"isPartOf\":{\"@id\":\"https:\\\/\\\/liepajasriepas.lv\\\/ru\\\/#website\"},\"datePublished\":\"2021-11-03T10:32:23+00:00\",\"dateModified\":\"2022-02-08T15:47:10+00:00\",\"breadcrumb\":{\"@id\":\"https:\\\/\\\/liepajasriepas.lv\\\/ru\\\/usloviya-ispolzovaniya\\\/#breadcrumb\"},\"inLanguage\":\"ru-RU\",\"potentialAction\":[{\"@type\":\"ReadAction\",\"target\":[\"https:\\\/\\\/liepajasriepas.lv\\\/ru\\\/usloviya-ispolzovaniya\\\/\"]}]},{\"@type\":\"BreadcrumbList\",\"@id\":\"https:\\\/\\\/liepajasriepas.lv\\\/ru\\\/usloviya-ispolzovaniya\\\/#breadcrumb\",\"itemListElement\":[{\"@type\":\"ListItem\",\"position\":1,\"name\":\"\u041d\u0430\u0447\u0430\u043b\u043e\",\"item\":\"https:\\\/\\\/liepajasriepas.lv\\\/ru\\\/\"},{\"@type\":\"ListItem\",\"position\":2,\"name\":\"\u0423\u0441\u043b\u043e\u0432\u0438\u044f \u0438\u0441\u043f\u043e\u043b\u044c\u0437\u043e\u0432\u0430\u043d\u0438\u044f\"}]},{\"@type\":\"WebSite\",\"@id\":\"https:\\\/\\\/liepajasriepas.lv\\\/ru\\\/#website\",\"url\":\"https:\\\/\\\/liepajasriepas.lv\\\/ru\\\/\",\"name\":\"Liep\u0101jas riepu centrs\",\"description\":\"Jaunas un lietotas, ziemas un vasaras riepas par vislab\u0101kaj\u0101m cen\u0101m\",\"potentialAction\":[{\"@type\":\"SearchAction\",\"target\":{\"@type\":\"EntryPoint\",\"urlTemplate\":\"https:\\\/\\\/liepajasriepas.lv\\\/ru\\\/?s={search_term_string}\"},\"query-input\":{\"@type\":\"PropertyValueSpecification\",\"valueRequired\":true,\"valueName\":\"search_term_string\"}}],\"inLanguage\":\"ru-RU\"}]}<\/script>\n<!-- \/ Yoast SEO plugin. -->","yoast_head_json":{"title":"\u0423\u0441\u043b\u043e\u0432\u0438\u044f \u0438\u0441\u043f\u043e\u043b\u044c\u0437\u043e\u0432\u0430\u043d\u0438\u044f - Liep\u0101jas riepu centrs","robots":{"index":"index","follow":"follow","max-snippet":"max-snippet:-1","max-image-preview":"max-image-preview:large","max-video-preview":"max-video-preview:-1"},"canonical":"https:\/\/liepajasriepas.lv\/ru\/usloviya-ispolzovaniya\/","og_locale":"ru_RU","og_type":"article","og_title":"\u0423\u0441\u043b\u043e\u0432\u0438\u044f \u0438\u0441\u043f\u043e\u043b\u044c\u0437\u043e\u0432\u0430\u043d\u0438\u044f - Liep\u0101jas riepu centrs","og_description":"\u0423\u0441\u043b\u043e\u0432\u0438\u044f \u0438\u0441\u043f\u043e\u043b\u044c\u0437\u043e\u0432\u0430\u043d\u0438\u044f \u0160ie noteikumi attiecas uz visiem l\u012bgumiem par t\u0101du pre\u010du pirkumu, kuras pas\u016bt\u012btas www.gramatuplaukts.lv. 1. NOTEIKTIE PIEN\u0100KUMI 1.1. SIA \u201cLiep\u0101jas riepu centrs\u201d piedero\u0161\u0101 interneta vietn\u0113 liepajasriepas.lv pirkumus var veikt gan re\u0123istr\u0113ti Klienti, kuriem ir izveidots klienta konts, gan tie, kuri nere\u0123istr\u0113jas interneta gr\u0101matn\u012bc\u0101, bet veicot pas\u016bt\u012bjumu, nor\u0101da savu v\u0101rdu, uzv\u0101rdu, pieg\u0101des adresi. 1.2. Ar [&hellip;]","og_url":"https:\/\/liepajasriepas.lv\/ru\/usloviya-ispolzovaniya\/","og_site_name":"Liep\u0101jas riepu centrs","article_modified_time":"2022-02-08T15:47:10+00:00","twitter_card":"summary_large_image","twitter_misc":{"\u041f\u0440\u0438\u043c\u0435\u0440\u043d\u043e\u0435 \u0432\u0440\u0435\u043c\u044f \u0434\u043b\u044f \u0447\u0442\u0435\u043d\u0438\u044f":"7 \u043c\u0438\u043d\u0443\u0442"},"schema":{"@context":"https:\/\/schema.org","@graph":[{"@type":"WebPage","@id":"https:\/\/liepajasriepas.lv\/ru\/usloviya-ispolzovaniya\/","url":"https:\/\/liepajasriepas.lv\/ru\/usloviya-ispolzovaniya\/","name":"\u0423\u0441\u043b\u043e\u0432\u0438\u044f \u0438\u0441\u043f\u043e\u043b\u044c\u0437\u043e\u0432\u0430\u043d\u0438\u044f - Liep\u0101jas riepu centrs","isPartOf":{"@id":"https:\/\/liepajasriepas.lv\/ru\/#website"},"datePublished":"2021-11-03T10:32:23+00:00","dateModified":"2022-02-08T15:47:10+00:00","breadcrumb":{"@id":"https:\/\/liepajasriepas.lv\/ru\/usloviya-ispolzovaniya\/#breadcrumb"},"inLanguage":"ru-RU","potentialAction":[{"@type":"ReadAction","target":["https:\/\/liepajasriepas.lv\/ru\/usloviya-ispolzovaniya\/"]}]},{"@type":"BreadcrumbList","@id":"https:\/\/liepajasriepas.lv\/ru\/usloviya-ispolzovaniya\/#breadcrumb","itemListElement":[{"@type":"ListItem","position":1,"name":"\u041d\u0430\u0447\u0430\u043b\u043e","item":"https:\/\/liepajasriepas.lv\/ru\/"},{"@type":"ListItem","position":2,"name":"\u0423\u0441\u043b\u043e\u0432\u0438\u044f \u0438\u0441\u043f\u043e\u043b\u044c\u0437\u043e\u0432\u0430\u043d\u0438\u044f"}]},{"@type":"WebSite","@id":"https:\/\/liepajasriepas.lv\/ru\/#website","url":"https:\/\/liepajasriepas.lv\/ru\/","name":"Liep\u0101jas riepu centrs","description":"Jaunas un lietotas, ziemas un vasaras riepas par vislab\u0101kaj\u0101m cen\u0101m","potentialAction":[{"@type":"SearchAction","target":{"@type":"EntryPoint","urlTemplate":"https:\/\/liepajasriepas.lv\/ru\/?s={search_term_string}"},"query-input":{"@type":"PropertyValueSpecification","valueRequired":true,"valueName":"search_term_string"}}],"inLanguage":"ru-RU"}]}},"_links":{"self":[{"href":"https:\/\/liepajasriepas.lv\/ru\/wp-json\/wp\/v2\/pages\/58578","targetHints":{"allow":["GET"]}}],"collection":[{"href":"https:\/\/liepajasriepas.lv\/ru\/wp-json\/wp\/v2\/pages"}],"about":[{"href":"https:\/\/liepajasriepas.lv\/ru\/wp-json\/wp\/v2\/types\/page"}],"author":[{"embeddable":true,"href":"https:\/\/liepajasriepas.lv\/ru\/wp-json\/wp\/v2\/users\/1"}],"replies":[{"embeddable":true,"href":"https:\/\/liepajasriepas.lv\/ru\/wp-json\/wp\/v2\/comments?post=58578"}],"version-history":[{"count":0,"href":"https:\/\/liepajasriepas.lv\/ru\/wp-json\/wp\/v2\/pages\/58578\/revisions"}],"wp:attachment":[{"href":"https:\/\/liepajasriepas.lv\/ru\/wp-json\/wp\/v2\/media?parent=58578"}],"curies":[{"name":"wp","href":"https:\/\/api.w.org\/{rel}","templated":true}]}}